{"id":26770,"date":"2023-02-13T15:15:41","date_gmt":"2023-02-13T14:15:41","guid":{"rendered":"https:\/\/kooku.de\/recruiting-agency\/recruiting-automation-and-intelligence-assessment\/"},"modified":"2025-07-02T13:24:21","modified_gmt":"2025-07-02T11:24:21","slug":"recruiting-automation-and-intelligence-assessment","status":"publish","type":"page","link":"https:\/\/kooku-staging.digitalagenten.com\/en\/recruiting-agency\/recruiting-automation-and-intelligence-assessment\/","title":{"rendered":"Recruiting Automation &amp; Intelligence Assessment"},"content":{"rendered":"\t\t<div data-elementor-type=\"wp-page\" data-elementor-id=\"26770\" class=\"elementor elementor-26770 elementor-15618\" data-elementor-post-type=\"page\">\n\t\t\t\t\t\t<section class=\"elementor-section elementor-top-section elementor-element elementor-element-f7ee042 elementor-section-height-min-height elementor-section-boxed elementor-section-height-default elementor-section-items-middle\" data-id=\"f7ee042\" data-element_type=\"section\" data-e-type=\"section\" data-settings=\"{&quot;background_background&quot;:&quot;classic&quot;}\">\n\t\t\t\t\t\t\t<div class=\"elementor-background-overlay\"><\/div>\n\t\t\t\t\t\t\t<div class=\"elementor-container elementor-column-gap-default\">\n\t\t\t\t\t<div class=\"elementor-column elementor-col-100 elementor-top-column elementor-element elementor-element-4fc3290\" data-id=\"4fc3290\" data-element_type=\"column\" data-e-type=\"column\">\n\t\t\t<div class=\"elementor-widget-wrap elementor-element-populated\">\n\t\t\t\t\t\t<div class=\"elementor-element elementor-element-2836492 elementor-widget elementor-widget-heading\" data-id=\"2836492\" data-element_type=\"widget\" data-e-type=\"widget\" data-widget_type=\"heading.default\">\n\t\t\t\t<div class=\"elementor-widget-container\">\n\t\t\t\t\t<h1 class=\"elementor-heading-title elementor-size-default\">Recruiting Automation &amp; Intelligence Assessment<\/h1>\t\t\t\t<\/div>\n\t\t\t\t<\/div>\n\t\t\t\t<div class=\"elementor-element elementor-element-6f27461 elementor-widget elementor-widget-breadcrumbs\" data-id=\"6f27461\" data-element_type=\"widget\" data-e-type=\"widget\" data-widget_type=\"breadcrumbs.default\">\n\t\t\t\t<div class=\"elementor-widget-container\">\n\t\t\t\t\t<p id=\"breadcrumbs\"><span><span><a href=\"https:\/\/kooku-staging.digitalagenten.com\/en\/\">Kooku Recruiting Partner Berlin<\/a><\/span><\/span><\/p>\t\t\t\t<\/div>\n\t\t\t\t<\/div>\n\t\t\t\t\t<\/div>\n\t\t<\/div>\n\t\t\t\t\t<\/div>\n\t\t<\/section>\n\t\t\t\t<section class=\"elementor-section elementor-top-section elementor-element elementor-element-b7f73fa elementor-section-full_width elementor-section-height-default elementor-section-height-default\" data-id=\"b7f73fa\" data-element_type=\"section\" data-e-type=\"section\">\n\t\t\t\t\t\t<div class=\"elementor-container elementor-column-gap-default\">\n\t\t\t\t\t<div class=\"elementor-column elementor-col-100 elementor-top-column elementor-element elementor-element-901dd32\" data-id=\"901dd32\" data-element_type=\"column\" data-e-type=\"column\">\n\t\t\t<div class=\"elementor-widget-wrap elementor-element-populated\">\n\t\t\t\t\t\t<div class=\"elementor-element elementor-element-4bcea3f elementor-widget elementor-widget-html\" data-id=\"4bcea3f\" data-element_type=\"widget\" data-e-type=\"widget\" data-widget_type=\"html.default\">\n\t\t\t\t<div class=\"elementor-widget-container\">\n\t\t\t\t\t <div class=\"brlbs-cmpnt-container brlbs-cmpnt-content-blocker brlbs-cmpnt-with-individual-styles\" data-borlabs-cookie-content-blocker-id=\"default\" data-borlabs-cookie-content=\"PGlmcmFtZSB3aWR0aD0iMTAwJSIgaGVpZ2h0PSIxOTAwcHgiIHNyYz0iaHR0cHM6Ly9mb3Jtcy5vZmZpY2UuY29tL1BhZ2VzL1Jlc3BvbnNlUGFnZS5hc3B4P2lkPWxGTW00UlN1Z0VpRXo0OGFfSzJWS0p6dHM0M2JDZVJLc1hpS2loQ3BjX1pVUlZsUlZVaFBNbGszVERVMVJ6bGFUREJGVlZVelNsRkJRUzR1JmFtcDtlbWJlZD10cnVlIiBmcmFtZWJvcmRlcj0iMCIgbWFyZ2lud2lkdGg9IjAiIG1hcmdpbmhlaWdodD0iMCIgc3R5bGU9ImJvcmRlcjogbm9uZTsgbWF4LXdpZHRoOjEwMCU7IG1heC1oZWlnaHQ6MTAwdmgiIGFsbG93ZnVsbHNjcmVlbj0iIiB3ZWJraXRhbGxvd2Z1bGxzY3JlZW49IiIgbW96YWxsb3dmdWxsc2NyZWVuPSIiIG1zYWxsb3dmdWxsc2NyZWVuPSIiPiA8L2lmcmFtZT4=\"><div class=\"brlbs-cmpnt-cb-preset-a\"> <p class=\"brlbs-cmpnt-cb-description\">You are currently viewing a placeholder content from <strong>Default<\/strong>. To access the actual content, click the button below. Please note that doing so will share data with third-party providers.<\/p> <div class=\"brlbs-cmpnt-cb-buttons\"> <a class=\"brlbs-cmpnt-cb-btn\" href=\"#\" data-borlabs-cookie-unblock role=\"button\">Unblock content<\/a> <a class=\"brlbs-cmpnt-cb-btn\" href=\"#\" data-borlabs-cookie-accept-service role=\"button\" style=\"display: none\">Accept required service and unblock content<\/a> <\/div> <a class=\"brlbs-cmpnt-cb-provider-toggle\" href=\"#\" data-borlabs-cookie-show-provider-information role=\"button\">More Information<\/a> <\/div><\/div>\t\t\t\t<\/div>\n\t\t\t\t<\/div>\n\t\t\t\t\t<\/div>\n\t\t<\/div>\n\t\t\t\t\t<\/div>\n\t\t<\/section>\n\t\t\t\t<\/div>\n\t\t","protected":false},"excerpt":{"rendered":"<p>Recruiting Automation &amp; Intelligence Assessment You are currently viewing a placeholder content from Default. To access the actual content, click the button below. Please note that doing so will share data with third-party providers. Unblock content Accept required service and unblock content More Information<\/p>\n","protected":false},"author":16,"featured_media":18942,"parent":19219,"menu_order":21,"comment_status":"closed","ping_status":"closed","template":"","meta":{"content-type":"","footnotes":""},"class_list":["post-26770","page","type-page","status-publish","has-post-thumbnail","hentry"],"yoast_head":"<!-- This site is optimized with the Yoast SEO Premium plugin v27.2 (Yoast SEO v27.5) - https:\/\/yoast.com\/product\/yoast-seo-premium-wordpress\/ -->\n<title>Recruiting Automation &amp; Intelligence Assessment<\/title>\n<meta name=\"description\" content=\"This questionnaire shall assess your maturity in terms of Recruiting Automation \u25bb Kooku Partners Berlin \u260e 030\/994043660\" \/>\n<meta name=\"robots\" content=\"index, follow, max-snippet:-1, max-image-preview:large, max-video-preview:-1\" \/>\n<link rel=\"canonical\" href=\"https:\/\/kooku-staging.digitalagenten.com\/en\/recruiting-agency\/recruiting-automation-and-intelligence-assessment\/\" \/>\n<meta property=\"og:locale\" content=\"en_US\" \/>\n<meta property=\"og:type\" content=\"article\" \/>\n<meta property=\"og:title\" content=\"Recruiting Automation &amp; Intelligence Assessment\" \/>\n<meta property=\"og:description\" content=\"This questionnaire shall assess your maturity in terms of Recruiting Automation \u25bb Kooku Partners Berlin \u260e 030\/994043660\" \/>\n<meta property=\"og:url\" content=\"https:\/\/kooku-staging.digitalagenten.com\/en\/recruiting-agency\/recruiting-automation-and-intelligence-assessment\/\" \/>\n<meta property=\"og:site_name\" content=\"Kooku Recruiting Partners\" \/>\n<meta property=\"article:publisher\" content=\"https:\/\/www.facebook.com\/KookuRecruitingPartnersBerlin\/\" \/>\n<meta property=\"article:modified_time\" content=\"2025-07-02T11:24:21+00:00\" \/>\n<meta property=\"og:image\" content=\"https:\/\/kooku-staging.digitalagenten.com\/wp-content\/uploads\/2023\/01\/ARDAM-Symbole-3.png\" \/>\n\t<meta property=\"og:image:width\" content=\"1920\" \/>\n\t<meta property=\"og:image:height\" content=\"1920\" \/>\n\t<meta property=\"og:image:type\" content=\"image\/png\" \/>\n<meta name=\"twitter:card\" content=\"summary_large_image\" \/>\n<script type=\"application\/ld+json\" class=\"yoast-schema-graph\">{\"@context\":\"https:\\\/\\\/schema.org\",\"@graph\":[{\"@type\":\"WebPage\",\"@id\":\"https:\\\/\\\/kooku-staging.digitalagenten.com\\\/en\\\/recruiting-agency\\\/recruiting-automation-and-intelligence-assessment\\\/\",\"url\":\"https:\\\/\\\/kooku-staging.digitalagenten.com\\\/en\\\/recruiting-agency\\\/recruiting-automation-and-intelligence-assessment\\\/\",\"name\":\"Recruiting Automation & Intelligence Assessment\",\"isPartOf\":{\"@id\":\"https:\\\/\\\/kooku-staging.digitalagenten.com\\\/en\\\/#website\"},\"primaryImageOfPage\":{\"@id\":\"https:\\\/\\\/kooku-staging.digitalagenten.com\\\/en\\\/recruiting-agency\\\/recruiting-automation-and-intelligence-assessment\\\/#primaryimage\"},\"image\":{\"@id\":\"https:\\\/\\\/kooku-staging.digitalagenten.com\\\/en\\\/recruiting-agency\\\/recruiting-automation-and-intelligence-assessment\\\/#primaryimage\"},\"thumbnailUrl\":\"https:\\\/\\\/kooku-staging.digitalagenten.com\\\/wp-content\\\/uploads\\\/2023\\\/01\\\/ARDAM-Symbole-3.png\",\"datePublished\":\"2023-02-13T14:15:41+00:00\",\"dateModified\":\"2025-07-02T11:24:21+00:00\",\"description\":\"This questionnaire shall assess your maturity in terms of Recruiting Automation \u25bb Kooku Partners Berlin \u260e 030\\\/994043660\",\"breadcrumb\":{\"@id\":\"https:\\\/\\\/kooku-staging.digitalagenten.com\\\/en\\\/recruiting-agency\\\/recruiting-automation-and-intelligence-assessment\\\/#breadcrumb\"},\"inLanguage\":\"en-US\",\"potentialAction\":[{\"@type\":\"ReadAction\",\"target\":[\"https:\\\/\\\/kooku-staging.digitalagenten.com\\\/en\\\/recruiting-agency\\\/recruiting-automation-and-intelligence-assessment\\\/\"]}]},{\"@type\":\"ImageObject\",\"inLanguage\":\"en-US\",\"@id\":\"https:\\\/\\\/kooku-staging.digitalagenten.com\\\/en\\\/recruiting-agency\\\/recruiting-automation-and-intelligence-assessment\\\/#primaryimage\",\"url\":\"https:\\\/\\\/kooku-staging.digitalagenten.com\\\/wp-content\\\/uploads\\\/2023\\\/01\\\/ARDAM-Symbole-3.png\",\"contentUrl\":\"https:\\\/\\\/kooku-staging.digitalagenten.com\\\/wp-content\\\/uploads\\\/2023\\\/01\\\/ARDAM-Symbole-3.png\",\"width\":1920,\"height\":1920,\"caption\":\"Elevate your recruitment strategy with our modern, eye-catching icon! This trending blue circular emblem showcases the side profile of a head, intricately designed with a brain illustration. Crafted in black to highlight the sophisticated folds, the brain symbolizes the multifaceted nature of today's recruiting process. The head outline and surrounding blue border bring cohesion and focus, making this icon a must-have visual for forward-thinking HR professionals and talent acquisition leaders. Stay ahead in today's competitive hiring landscape with an emblem that speaks volumes about expertise and innovation in recruitment!\"},{\"@type\":\"BreadcrumbList\",\"@id\":\"https:\\\/\\\/kooku-staging.digitalagenten.com\\\/en\\\/recruiting-agency\\\/recruiting-automation-and-intelligence-assessment\\\/#breadcrumb\",\"itemListElement\":[{\"@type\":\"ListItem\",\"position\":1,\"name\":\"Kooku Recruiting Partner Berlin\",\"item\":\"https:\\\/\\\/kooku-staging.digitalagenten.com\\\/en\\\/\"},{\"@type\":\"ListItem\",\"position\":2,\"name\":\"Recruiting agency\",\"item\":\"https:\\\/\\\/kooku-staging.digitalagenten.com\\\/en\\\/\"},{\"@type\":\"ListItem\",\"position\":3,\"name\":\"Recruiting Automation &amp; Intelligence Assessment\"}]},{\"@type\":\"WebSite\",\"@id\":\"https:\\\/\\\/kooku-staging.digitalagenten.com\\\/en\\\/#website\",\"url\":\"https:\\\/\\\/kooku-staging.digitalagenten.com\\\/en\\\/\",\"name\":\"Kooku Recruiting Partners Berlin\",\"description\":\"Die Nummer 1 Agentur f\u00fcr datenbasiertes und menschenzentriertes Recruiting &amp; Interim Recruiting\",\"publisher\":{\"@id\":\"https:\\\/\\\/kooku-staging.digitalagenten.com\\\/en\\\/#organization\"},\"potentialAction\":[{\"@type\":\"SearchAction\",\"target\":{\"@type\":\"EntryPoint\",\"urlTemplate\":\"https:\\\/\\\/kooku-staging.digitalagenten.com\\\/en\\\/?s={search_term_string}\"},\"query-input\":{\"@type\":\"PropertyValueSpecification\",\"valueRequired\":true,\"valueName\":\"search_term_string\"}}],\"inLanguage\":\"en-US\"},{\"@type\":\"Organization\",\"@id\":\"https:\\\/\\\/kooku-staging.digitalagenten.com\\\/en\\\/#organization\",\"name\":\"Kooku Recruiting GmbH\",\"alternateName\":\"Kooku Recruiting Partners Berlin\",\"url\":\"https:\\\/\\\/kooku-staging.digitalagenten.com\\\/en\\\/\",\"logo\":{\"@type\":\"ImageObject\",\"inLanguage\":\"en-US\",\"@id\":\"https:\\\/\\\/kooku-staging.digitalagenten.com\\\/en\\\/#\\\/schema\\\/logo\\\/image\\\/\",\"url\":\"https:\\\/\\\/kooku-staging.digitalagenten.com\\\/wp-content\\\/uploads\\\/2022\\\/01\\\/cropped-cropPped-kooku_augen_1600x1600.png\",\"contentUrl\":\"https:\\\/\\\/kooku-staging.digitalagenten.com\\\/wp-content\\\/uploads\\\/2022\\\/01\\\/cropped-cropPped-kooku_augen_1600x1600.png\",\"width\":512,\"height\":512,\"caption\":\"Kooku Recruiting GmbH\"},\"image\":{\"@id\":\"https:\\\/\\\/kooku-staging.digitalagenten.com\\\/en\\\/#\\\/schema\\\/logo\\\/image\\\/\"},\"sameAs\":[\"https:\\\/\\\/www.facebook.com\\\/KookuRecruitingPartnersBerlin\\\/\",\"https:\\\/\\\/www.instagram.com\\\/kookurecruitingpartners\\\/\"],\"description\":\"Kooku Recruiting GmbH ist eine 2014 in Berlin gegr\u00fcndete Recruiting-Agentur, die Unternehmen operativ und strategisch im Recruiting entlastet. Das Leistungsspektrum umfasst Interim Recruiting, Recruiting on Demand, Executive Search, Active Sourcing und Recruiting-Prozessoptimierung. Kooku arbeitet mit mittelst\u00e4ndischen Unternehmen, Start-ups und Scale-ups deutschlandweit und besetzt Fach- und F\u00fchrungspositionen in Tech, IT, Finance, Sales und Product. Durch datengetriebene Prozesse, Automatisierung und erfahrene Recruiting-Berater erreichen Kunden eine Zeitersparnis von 40\u201370 % bei k\u00fcrzerer Time-to-Hire, geringerer Cost-per-Hire und besserer Candidate Experience. Seit der Gr\u00fcndung hat Kooku \u00fcber 200 Unternehmen begleitet \u2013 messbar, effizient und menschlich.\",\"email\":\"hello@kooku.de\",\"telephone\":\"+4930994043660\",\"legalName\":\"Kooku Recruiting GmbH\",\"numberOfEmployees\":{\"@type\":\"QuantitativeValue\",\"minValue\":\"11\",\"maxValue\":\"50\"}}]}<\/script>\n<!-- \/ Yoast SEO Premium plugin. -->","yoast_head_json":{"title":"Recruiting Automation & Intelligence Assessment","description":"This questionnaire shall assess your maturity in terms of Recruiting Automation \u25bb Kooku Partners Berlin \u260e 030\/994043660","robots":{"index":"index","follow":"follow","max-snippet":"max-snippet:-1","max-image-preview":"max-image-preview:large","max-video-preview":"max-video-preview:-1"},"canonical":"https:\/\/kooku-staging.digitalagenten.com\/en\/recruiting-agency\/recruiting-automation-and-intelligence-assessment\/","og_locale":"en_US","og_type":"article","og_title":"Recruiting Automation &amp; Intelligence Assessment","og_description":"This questionnaire shall assess your maturity in terms of Recruiting Automation \u25bb Kooku Partners Berlin \u260e 030\/994043660","og_url":"https:\/\/kooku-staging.digitalagenten.com\/en\/recruiting-agency\/recruiting-automation-and-intelligence-assessment\/","og_site_name":"Kooku Recruiting Partners","article_publisher":"https:\/\/www.facebook.com\/KookuRecruitingPartnersBerlin\/","article_modified_time":"2025-07-02T11:24:21+00:00","og_image":[{"width":1920,"height":1920,"url":"https:\/\/kooku-staging.digitalagenten.com\/wp-content\/uploads\/2023\/01\/ARDAM-Symbole-3.png","type":"image\/png"}],"twitter_card":"summary_large_image","schema":{"@context":"https:\/\/schema.org","@graph":[{"@type":"WebPage","@id":"https:\/\/kooku-staging.digitalagenten.com\/en\/recruiting-agency\/recruiting-automation-and-intelligence-assessment\/","url":"https:\/\/kooku-staging.digitalagenten.com\/en\/recruiting-agency\/recruiting-automation-and-intelligence-assessment\/","name":"Recruiting Automation & Intelligence Assessment","isPartOf":{"@id":"https:\/\/kooku-staging.digitalagenten.com\/en\/#website"},"primaryImageOfPage":{"@id":"https:\/\/kooku-staging.digitalagenten.com\/en\/recruiting-agency\/recruiting-automation-and-intelligence-assessment\/#primaryimage"},"image":{"@id":"https:\/\/kooku-staging.digitalagenten.com\/en\/recruiting-agency\/recruiting-automation-and-intelligence-assessment\/#primaryimage"},"thumbnailUrl":"https:\/\/kooku-staging.digitalagenten.com\/wp-content\/uploads\/2023\/01\/ARDAM-Symbole-3.png","datePublished":"2023-02-13T14:15:41+00:00","dateModified":"2025-07-02T11:24:21+00:00","description":"This questionnaire shall assess your maturity in terms of Recruiting Automation \u25bb Kooku Partners Berlin \u260e 030\/994043660","breadcrumb":{"@id":"https:\/\/kooku-staging.digitalagenten.com\/en\/recruiting-agency\/recruiting-automation-and-intelligence-assessment\/#breadcrumb"},"inLanguage":"en-US","potentialAction":[{"@type":"ReadAction","target":["https:\/\/kooku-staging.digitalagenten.com\/en\/recruiting-agency\/recruiting-automation-and-intelligence-assessment\/"]}]},{"@type":"ImageObject","inLanguage":"en-US","@id":"https:\/\/kooku-staging.digitalagenten.com\/en\/recruiting-agency\/recruiting-automation-and-intelligence-assessment\/#primaryimage","url":"https:\/\/kooku-staging.digitalagenten.com\/wp-content\/uploads\/2023\/01\/ARDAM-Symbole-3.png","contentUrl":"https:\/\/kooku-staging.digitalagenten.com\/wp-content\/uploads\/2023\/01\/ARDAM-Symbole-3.png","width":1920,"height":1920,"caption":"Elevate your recruitment strategy with our modern, eye-catching icon! This trending blue circular emblem showcases the side profile of a head, intricately designed with a brain illustration. Crafted in black to highlight the sophisticated folds, the brain symbolizes the multifaceted nature of today's recruiting process. The head outline and surrounding blue border bring cohesion and focus, making this icon a must-have visual for forward-thinking HR professionals and talent acquisition leaders. Stay ahead in today's competitive hiring landscape with an emblem that speaks volumes about expertise and innovation in recruitment!"},{"@type":"BreadcrumbList","@id":"https:\/\/kooku-staging.digitalagenten.com\/en\/recruiting-agency\/recruiting-automation-and-intelligence-assessment\/#breadcrumb","itemListElement":[{"@type":"ListItem","position":1,"name":"Kooku Recruiting Partner Berlin","item":"https:\/\/kooku-staging.digitalagenten.com\/en\/"},{"@type":"ListItem","position":2,"name":"Recruiting agency","item":"https:\/\/kooku-staging.digitalagenten.com\/en\/"},{"@type":"ListItem","position":3,"name":"Recruiting Automation &amp; Intelligence Assessment"}]},{"@type":"WebSite","@id":"https:\/\/kooku-staging.digitalagenten.com\/en\/#website","url":"https:\/\/kooku-staging.digitalagenten.com\/en\/","name":"Kooku Recruiting Partners Berlin","description":"Die Nummer 1 Agentur f\u00fcr datenbasiertes und menschenzentriertes Recruiting &amp; Interim Recruiting","publisher":{"@id":"https:\/\/kooku-staging.digitalagenten.com\/en\/#organization"},"potentialAction":[{"@type":"SearchAction","target":{"@type":"EntryPoint","urlTemplate":"https:\/\/kooku-staging.digitalagenten.com\/en\/?s={search_term_string}"},"query-input":{"@type":"PropertyValueSpecification","valueRequired":true,"valueName":"search_term_string"}}],"inLanguage":"en-US"},{"@type":"Organization","@id":"https:\/\/kooku-staging.digitalagenten.com\/en\/#organization","name":"Kooku Recruiting GmbH","alternateName":"Kooku Recruiting Partners Berlin","url":"https:\/\/kooku-staging.digitalagenten.com\/en\/","logo":{"@type":"ImageObject","inLanguage":"en-US","@id":"https:\/\/kooku-staging.digitalagenten.com\/en\/#\/schema\/logo\/image\/","url":"https:\/\/kooku-staging.digitalagenten.com\/wp-content\/uploads\/2022\/01\/cropped-cropPped-kooku_augen_1600x1600.png","contentUrl":"https:\/\/kooku-staging.digitalagenten.com\/wp-content\/uploads\/2022\/01\/cropped-cropPped-kooku_augen_1600x1600.png","width":512,"height":512,"caption":"Kooku Recruiting GmbH"},"image":{"@id":"https:\/\/kooku-staging.digitalagenten.com\/en\/#\/schema\/logo\/image\/"},"sameAs":["https:\/\/www.facebook.com\/KookuRecruitingPartnersBerlin\/","https:\/\/www.instagram.com\/kookurecruitingpartners\/"],"description":"Kooku Recruiting GmbH ist eine 2014 in Berlin gegr\u00fcndete Recruiting-Agentur, die Unternehmen operativ und strategisch im Recruiting entlastet. Das Leistungsspektrum umfasst Interim Recruiting, Recruiting on Demand, Executive Search, Active Sourcing und Recruiting-Prozessoptimierung. Kooku arbeitet mit mittelst\u00e4ndischen Unternehmen, Start-ups und Scale-ups deutschlandweit und besetzt Fach- und F\u00fchrungspositionen in Tech, IT, Finance, Sales und Product. Durch datengetriebene Prozesse, Automatisierung und erfahrene Recruiting-Berater erreichen Kunden eine Zeitersparnis von 40\u201370 % bei k\u00fcrzerer Time-to-Hire, geringerer Cost-per-Hire und besserer Candidate Experience. Seit der Gr\u00fcndung hat Kooku \u00fcber 200 Unternehmen begleitet \u2013 messbar, effizient und menschlich.","email":"hello@kooku.de","telephone":"+4930994043660","legalName":"Kooku Recruiting GmbH","numberOfEmployees":{"@type":"QuantitativeValue","minValue":"11","maxValue":"50"}}]}},"_links":{"self":[{"href":"https:\/\/kooku-staging.digitalagenten.com\/en\/wp-json\/wp\/v2\/pages\/26770","targetHints":{"allow":["GET"]}}],"collection":[{"href":"https:\/\/kooku-staging.digitalagenten.com\/en\/wp-json\/wp\/v2\/pages"}],"about":[{"href":"https:\/\/kooku-staging.digitalagenten.com\/en\/wp-json\/wp\/v2\/types\/page"}],"author":[{"embeddable":true,"href":"https:\/\/kooku-staging.digitalagenten.com\/en\/wp-json\/wp\/v2\/users\/16"}],"replies":[{"embeddable":true,"href":"https:\/\/kooku-staging.digitalagenten.com\/en\/wp-json\/wp\/v2\/comments?post=26770"}],"version-history":[{"count":1,"href":"https:\/\/kooku-staging.digitalagenten.com\/en\/wp-json\/wp\/v2\/pages\/26770\/revisions"}],"predecessor-version":[{"id":31461,"href":"https:\/\/kooku-staging.digitalagenten.com\/en\/wp-json\/wp\/v2\/pages\/26770\/revisions\/31461"}],"up":[{"embeddable":true,"href":"https:\/\/kooku-staging.digitalagenten.com\/en\/wp-json\/wp\/v2\/pages\/19219"}],"wp:featuredmedia":[{"embeddable":true,"href":"https:\/\/kooku-staging.digitalagenten.com\/en\/wp-json\/wp\/v2\/media\/18942"}],"wp:attachment":[{"href":"https:\/\/kooku-staging.digitalagenten.com\/en\/wp-json\/wp\/v2\/media?parent=26770"}],"curies":[{"name":"wp","href":"https:\/\/api.w.org\/{rel}","templated":true}]}}