{"id":19732,"date":"2022-01-12T15:28:16","date_gmt":"2022-01-12T14:28:16","guid":{"rendered":"https:\/\/kooku.de\/recruiting-agency\/appointment\/"},"modified":"2024-05-11T15:36:29","modified_gmt":"2024-05-11T13:36:29","slug":"appointment","status":"publish","type":"page","link":"https:\/\/kooku-staging.digitalagenten.com\/en\/recruiting-agency\/appointment\/","title":{"rendered":"Make an appointment"},"content":{"rendered":"\t\t<div data-elementor-type=\"wp-page\" data-elementor-id=\"19732\" class=\"elementor elementor-19732 elementor-663\" data-elementor-post-type=\"page\">\n\t\t\t\t\t\t<section class=\"elementor-section elementor-top-section elementor-element elementor-element-86f9014 elementor-section-boxed elementor-section-height-default elementor-section-height-default\" data-id=\"86f9014\" data-element_type=\"section\" data-e-type=\"section\">\n\t\t\t\t\t\t<div class=\"elementor-container elementor-column-gap-default\">\n\t\t\t\t\t<div class=\"elementor-column elementor-col-100 elementor-top-column elementor-element elementor-element-32715b9\" data-id=\"32715b9\" data-element_type=\"column\" data-e-type=\"column\">\n\t\t\t<div class=\"elementor-widget-wrap elementor-element-populated\">\n\t\t\t\t\t\t<div class=\"elementor-element elementor-element-6cad9ea elementor-widget elementor-widget-spacer\" data-id=\"6cad9ea\" data-element_type=\"widget\" data-e-type=\"widget\" data-widget_type=\"spacer.default\">\n\t\t\t\t<div class=\"elementor-widget-container\">\n\t\t\t\t\t\t\t<div class=\"elementor-spacer\">\n\t\t\t<div class=\"elementor-spacer-inner\"><\/div>\n\t\t<\/div>\n\t\t\t\t\t\t<\/div>\n\t\t\t\t<\/div>\n\t\t\t\t<div class=\"elementor-element elementor-element-a2232d6 elementor-widget elementor-widget-heading\" data-id=\"a2232d6\" data-element_type=\"widget\" data-e-type=\"widget\" data-widget_type=\"heading.default\">\n\t\t\t\t<div class=\"elementor-widget-container\">\n\t\t\t\t\t<h1 class=\"elementor-heading-title elementor-size-default\">Book a meeting with us<\/h1>\t\t\t\t<\/div>\n\t\t\t\t<\/div>\n\t\t\t\t<div class=\"elementor-element elementor-element-18a31ba elementor-widget elementor-widget-spacer\" data-id=\"18a31ba\" data-element_type=\"widget\" data-e-type=\"widget\" data-widget_type=\"spacer.default\">\n\t\t\t\t<div class=\"elementor-widget-container\">\n\t\t\t\t\t\t\t<div class=\"elementor-spacer\">\n\t\t\t<div class=\"elementor-spacer-inner\"><\/div>\n\t\t<\/div>\n\t\t\t\t\t\t<\/div>\n\t\t\t\t<\/div>\n\t\t\t\t<div class=\"elementor-element elementor-element-c42b3c3 elementor-widget elementor-widget-heading\" data-id=\"c42b3c3\" data-element_type=\"widget\" data-e-type=\"widget\" data-widget_type=\"heading.default\">\n\t\t\t\t<div class=\"elementor-widget-container\">\n\t\t\t\t\t<h3 class=\"elementor-heading-title elementor-size-default\">Arrange a non-binding recruitment pipeline assessment or get to know us in an initial meeting.<\/h3>\t\t\t\t<\/div>\n\t\t\t\t<\/div>\n\t\t\t\t\t<\/div>\n\t\t<\/div>\n\t\t\t\t\t<\/div>\n\t\t<\/section>\n\t\t\t\t<section class=\"elementor-section elementor-top-section elementor-element elementor-element-36aad29 elementor-section-boxed elementor-section-height-default elementor-section-height-default\" data-id=\"36aad29\" data-element_type=\"section\" data-e-type=\"section\">\n\t\t\t\t\t\t<div class=\"elementor-container elementor-column-gap-default\">\n\t\t\t\t\t<div class=\"elementor-column elementor-col-100 elementor-top-column elementor-element elementor-element-01982dc\" data-id=\"01982dc\" data-element_type=\"column\" data-e-type=\"column\">\n\t\t\t<div class=\"elementor-widget-wrap elementor-element-populated\">\n\t\t\t\t\t\t<div class=\"elementor-element elementor-element-c166c69 elementor-widget elementor-widget-html\" data-id=\"c166c69\" data-element_type=\"widget\" data-e-type=\"widget\" data-widget_type=\"html.default\">\n\t\t\t\t<div class=\"elementor-widget-container\">\n\t\t\t\t\t<!-- Start of Meetings Embed Script -->\n    <div class=\"meetings-iframe-container\" data-src=\"https:\/\/meetings.hubspot.com\/kooku\/recruiting-partners?embed=true\"><\/div>\n    <script type=\"text\/javascript\" src=\"https:\/\/static.hsappstatic.net\/MeetingsEmbed\/ex\/MeetingsEmbedCode.js\"><\/script>\n  <!-- End of Meetings Embed Script -->\t\t\t\t<\/div>\n\t\t\t\t<\/div>\n\t\t\t\t\t<\/div>\n\t\t<\/div>\n\t\t\t\t\t<\/div>\n\t\t<\/section>\n\t\t\t\t<\/div>\n\t\t","protected":false},"excerpt":{"rendered":"<p>Book a meeting with us Arrange a non-binding recruitment pipeline assessment or get to know us in an initial meeting.<\/p>\n","protected":false},"author":14,"featured_media":0,"parent":19219,"menu_order":40,"comment_status":"closed","ping_status":"closed","template":"","meta":{"content-type":"","footnotes":""},"class_list":["post-19732","page","type-page","status-publish","hentry"],"yoast_head":"<!-- This site is optimized with the Yoast SEO Premium plugin v27.2 (Yoast SEO v27.5) - https:\/\/yoast.com\/product\/yoast-seo-premium-wordpress\/ -->\n<title>Make an appointment - Kooku Recruiting Partners<\/title>\n<meta name=\"description\" content=\"Do you have any questions or would you like to use one of our services? \u25bb Book an appointment for a free initial consultation with our Career Support now \u2713\" \/>\n<meta name=\"robots\" content=\"index, follow, max-snippet:-1, max-image-preview:large, max-video-preview:-1\" \/>\n<link rel=\"canonical\" href=\"https:\/\/kooku-staging.digitalagenten.com\/en\/recruiting-agency\/appointment\/\" \/>\n<meta property=\"og:locale\" content=\"en_US\" \/>\n<meta property=\"og:type\" content=\"article\" \/>\n<meta property=\"og:title\" content=\"Make an appointment\" \/>\n<meta property=\"og:description\" content=\"Do you have any questions or would you like to use one of our services? \u25bb Book an appointment for a free initial consultation with our Career Support now \u2713\" \/>\n<meta property=\"og:url\" content=\"https:\/\/kooku-staging.digitalagenten.com\/en\/recruiting-agency\/appointment\/\" \/>\n<meta property=\"og:site_name\" content=\"Kooku Recruiting Partners\" \/>\n<meta property=\"article:publisher\" content=\"https:\/\/www.facebook.com\/KookuRecruitingPartnersBerlin\/\" \/>\n<meta property=\"article:modified_time\" content=\"2024-05-11T13:36:29+00:00\" \/>\n<meta property=\"og:image\" content=\"https:\/\/kooku-staging.digitalagenten.com\/wp-content\/uploads\/2022\/01\/cropped-cropPped-kooku_augen_1600x1600.png\" \/>\n\t<meta property=\"og:image:width\" content=\"512\" \/>\n\t<meta property=\"og:image:height\" content=\"512\" \/>\n\t<meta property=\"og:image:type\" content=\"image\/png\" \/>\n<meta name=\"twitter:card\" content=\"summary_large_image\" \/>\n<script type=\"application\/ld+json\" class=\"yoast-schema-graph\">{\"@context\":\"https:\\\/\\\/schema.org\",\"@graph\":[{\"@type\":\"WebPage\",\"@id\":\"https:\\\/\\\/kooku-staging.digitalagenten.com\\\/en\\\/recruiting-agency\\\/appointment\\\/\",\"url\":\"https:\\\/\\\/kooku-staging.digitalagenten.com\\\/en\\\/recruiting-agency\\\/appointment\\\/\",\"name\":\"Make an appointment - Kooku Recruiting Partners\",\"isPartOf\":{\"@id\":\"https:\\\/\\\/kooku-staging.digitalagenten.com\\\/en\\\/#website\"},\"datePublished\":\"2022-01-12T14:28:16+00:00\",\"dateModified\":\"2024-05-11T13:36:29+00:00\",\"description\":\"Do you have any questions or would you like to use one of our services? \u25bb Book an appointment for a free initial consultation with our Career Support now \u2713\",\"breadcrumb\":{\"@id\":\"https:\\\/\\\/kooku-staging.digitalagenten.com\\\/en\\\/recruiting-agency\\\/appointment\\\/#breadcrumb\"},\"inLanguage\":\"en-US\",\"potentialAction\":[{\"@type\":\"ReadAction\",\"target\":[\"https:\\\/\\\/kooku-staging.digitalagenten.com\\\/en\\\/recruiting-agency\\\/appointment\\\/\"]}]},{\"@type\":\"BreadcrumbList\",\"@id\":\"https:\\\/\\\/kooku-staging.digitalagenten.com\\\/en\\\/recruiting-agency\\\/appointment\\\/#breadcrumb\",\"itemListElement\":[{\"@type\":\"ListItem\",\"position\":1,\"name\":\"Kooku Recruiting Partner Berlin\",\"item\":\"https:\\\/\\\/kooku-staging.digitalagenten.com\\\/en\\\/\"},{\"@type\":\"ListItem\",\"position\":2,\"name\":\"Recruiting agency\",\"item\":\"https:\\\/\\\/kooku-staging.digitalagenten.com\\\/en\\\/\"},{\"@type\":\"ListItem\",\"position\":3,\"name\":\"Make an appointment\"}]},{\"@type\":\"WebSite\",\"@id\":\"https:\\\/\\\/kooku-staging.digitalagenten.com\\\/en\\\/#website\",\"url\":\"https:\\\/\\\/kooku-staging.digitalagenten.com\\\/en\\\/\",\"name\":\"Kooku Recruiting Partners Berlin\",\"description\":\"Die Nummer 1 Agentur f\u00fcr datenbasiertes und menschenzentriertes Recruiting &amp; Interim Recruiting\",\"publisher\":{\"@id\":\"https:\\\/\\\/kooku-staging.digitalagenten.com\\\/en\\\/#organization\"},\"potentialAction\":[{\"@type\":\"SearchAction\",\"target\":{\"@type\":\"EntryPoint\",\"urlTemplate\":\"https:\\\/\\\/kooku-staging.digitalagenten.com\\\/en\\\/?s={search_term_string}\"},\"query-input\":{\"@type\":\"PropertyValueSpecification\",\"valueRequired\":true,\"valueName\":\"search_term_string\"}}],\"inLanguage\":\"en-US\"},{\"@type\":\"Organization\",\"@id\":\"https:\\\/\\\/kooku-staging.digitalagenten.com\\\/en\\\/#organization\",\"name\":\"Kooku Recruiting GmbH\",\"alternateName\":\"Kooku Recruiting Partners Berlin\",\"url\":\"https:\\\/\\\/kooku-staging.digitalagenten.com\\\/en\\\/\",\"logo\":{\"@type\":\"ImageObject\",\"inLanguage\":\"en-US\",\"@id\":\"https:\\\/\\\/kooku-staging.digitalagenten.com\\\/en\\\/#\\\/schema\\\/logo\\\/image\\\/\",\"url\":\"https:\\\/\\\/kooku-staging.digitalagenten.com\\\/wp-content\\\/uploads\\\/2022\\\/01\\\/cropped-cropPped-kooku_augen_1600x1600.png\",\"contentUrl\":\"https:\\\/\\\/kooku-staging.digitalagenten.com\\\/wp-content\\\/uploads\\\/2022\\\/01\\\/cropped-cropPped-kooku_augen_1600x1600.png\",\"width\":512,\"height\":512,\"caption\":\"Kooku Recruiting GmbH\"},\"image\":{\"@id\":\"https:\\\/\\\/kooku-staging.digitalagenten.com\\\/en\\\/#\\\/schema\\\/logo\\\/image\\\/\"},\"sameAs\":[\"https:\\\/\\\/www.facebook.com\\\/KookuRecruitingPartnersBerlin\\\/\",\"https:\\\/\\\/www.instagram.com\\\/kookurecruitingpartners\\\/\"],\"description\":\"Kooku Recruiting GmbH ist eine 2014 in Berlin gegr\u00fcndete Recruiting-Agentur, die Unternehmen operativ und strategisch im Recruiting entlastet. Das Leistungsspektrum umfasst Interim Recruiting, Recruiting on Demand, Executive Search, Active Sourcing und Recruiting-Prozessoptimierung. Kooku arbeitet mit mittelst\u00e4ndischen Unternehmen, Start-ups und Scale-ups deutschlandweit und besetzt Fach- und F\u00fchrungspositionen in Tech, IT, Finance, Sales und Product. Durch datengetriebene Prozesse, Automatisierung und erfahrene Recruiting-Berater erreichen Kunden eine Zeitersparnis von 40\u201370 % bei k\u00fcrzerer Time-to-Hire, geringerer Cost-per-Hire und besserer Candidate Experience. Seit der Gr\u00fcndung hat Kooku \u00fcber 200 Unternehmen begleitet \u2013 messbar, effizient und menschlich.\",\"email\":\"hello@kooku.de\",\"telephone\":\"+4930994043660\",\"legalName\":\"Kooku Recruiting GmbH\",\"numberOfEmployees\":{\"@type\":\"QuantitativeValue\",\"minValue\":\"11\",\"maxValue\":\"50\"}}]}<\/script>\n<!-- \/ Yoast SEO Premium plugin. -->","yoast_head_json":{"title":"Make an appointment - Kooku Recruiting Partners","description":"Do you have any questions or would you like to use one of our services? \u25bb Book an appointment for a free initial consultation with our Career Support now \u2713","robots":{"index":"index","follow":"follow","max-snippet":"max-snippet:-1","max-image-preview":"max-image-preview:large","max-video-preview":"max-video-preview:-1"},"canonical":"https:\/\/kooku-staging.digitalagenten.com\/en\/recruiting-agency\/appointment\/","og_locale":"en_US","og_type":"article","og_title":"Make an appointment","og_description":"Do you have any questions or would you like to use one of our services? \u25bb Book an appointment for a free initial consultation with our Career Support now \u2713","og_url":"https:\/\/kooku-staging.digitalagenten.com\/en\/recruiting-agency\/appointment\/","og_site_name":"Kooku Recruiting Partners","article_publisher":"https:\/\/www.facebook.com\/KookuRecruitingPartnersBerlin\/","article_modified_time":"2024-05-11T13:36:29+00:00","og_image":[{"width":512,"height":512,"url":"https:\/\/kooku-staging.digitalagenten.com\/wp-content\/uploads\/2022\/01\/cropped-cropPped-kooku_augen_1600x1600.png","type":"image\/png"}],"twitter_card":"summary_large_image","schema":{"@context":"https:\/\/schema.org","@graph":[{"@type":"WebPage","@id":"https:\/\/kooku-staging.digitalagenten.com\/en\/recruiting-agency\/appointment\/","url":"https:\/\/kooku-staging.digitalagenten.com\/en\/recruiting-agency\/appointment\/","name":"Make an appointment - Kooku Recruiting Partners","isPartOf":{"@id":"https:\/\/kooku-staging.digitalagenten.com\/en\/#website"},"datePublished":"2022-01-12T14:28:16+00:00","dateModified":"2024-05-11T13:36:29+00:00","description":"Do you have any questions or would you like to use one of our services? \u25bb Book an appointment for a free initial consultation with our Career Support now \u2713","breadcrumb":{"@id":"https:\/\/kooku-staging.digitalagenten.com\/en\/recruiting-agency\/appointment\/#breadcrumb"},"inLanguage":"en-US","potentialAction":[{"@type":"ReadAction","target":["https:\/\/kooku-staging.digitalagenten.com\/en\/recruiting-agency\/appointment\/"]}]},{"@type":"BreadcrumbList","@id":"https:\/\/kooku-staging.digitalagenten.com\/en\/recruiting-agency\/appointment\/#breadcrumb","itemListElement":[{"@type":"ListItem","position":1,"name":"Kooku Recruiting Partner Berlin","item":"https:\/\/kooku-staging.digitalagenten.com\/en\/"},{"@type":"ListItem","position":2,"name":"Recruiting agency","item":"https:\/\/kooku-staging.digitalagenten.com\/en\/"},{"@type":"ListItem","position":3,"name":"Make an appointment"}]},{"@type":"WebSite","@id":"https:\/\/kooku-staging.digitalagenten.com\/en\/#website","url":"https:\/\/kooku-staging.digitalagenten.com\/en\/","name":"Kooku Recruiting Partners Berlin","description":"Die Nummer 1 Agentur f\u00fcr datenbasiertes und menschenzentriertes Recruiting &amp; Interim Recruiting","publisher":{"@id":"https:\/\/kooku-staging.digitalagenten.com\/en\/#organization"},"potentialAction":[{"@type":"SearchAction","target":{"@type":"EntryPoint","urlTemplate":"https:\/\/kooku-staging.digitalagenten.com\/en\/?s={search_term_string}"},"query-input":{"@type":"PropertyValueSpecification","valueRequired":true,"valueName":"search_term_string"}}],"inLanguage":"en-US"},{"@type":"Organization","@id":"https:\/\/kooku-staging.digitalagenten.com\/en\/#organization","name":"Kooku Recruiting GmbH","alternateName":"Kooku Recruiting Partners Berlin","url":"https:\/\/kooku-staging.digitalagenten.com\/en\/","logo":{"@type":"ImageObject","inLanguage":"en-US","@id":"https:\/\/kooku-staging.digitalagenten.com\/en\/#\/schema\/logo\/image\/","url":"https:\/\/kooku-staging.digitalagenten.com\/wp-content\/uploads\/2022\/01\/cropped-cropPped-kooku_augen_1600x1600.png","contentUrl":"https:\/\/kooku-staging.digitalagenten.com\/wp-content\/uploads\/2022\/01\/cropped-cropPped-kooku_augen_1600x1600.png","width":512,"height":512,"caption":"Kooku Recruiting GmbH"},"image":{"@id":"https:\/\/kooku-staging.digitalagenten.com\/en\/#\/schema\/logo\/image\/"},"sameAs":["https:\/\/www.facebook.com\/KookuRecruitingPartnersBerlin\/","https:\/\/www.instagram.com\/kookurecruitingpartners\/"],"description":"Kooku Recruiting GmbH ist eine 2014 in Berlin gegr\u00fcndete Recruiting-Agentur, die Unternehmen operativ und strategisch im Recruiting entlastet. Das Leistungsspektrum umfasst Interim Recruiting, Recruiting on Demand, Executive Search, Active Sourcing und Recruiting-Prozessoptimierung. Kooku arbeitet mit mittelst\u00e4ndischen Unternehmen, Start-ups und Scale-ups deutschlandweit und besetzt Fach- und F\u00fchrungspositionen in Tech, IT, Finance, Sales und Product. Durch datengetriebene Prozesse, Automatisierung und erfahrene Recruiting-Berater erreichen Kunden eine Zeitersparnis von 40\u201370 % bei k\u00fcrzerer Time-to-Hire, geringerer Cost-per-Hire und besserer Candidate Experience. Seit der Gr\u00fcndung hat Kooku \u00fcber 200 Unternehmen begleitet \u2013 messbar, effizient und menschlich.","email":"hello@kooku.de","telephone":"+4930994043660","legalName":"Kooku Recruiting GmbH","numberOfEmployees":{"@type":"QuantitativeValue","minValue":"11","maxValue":"50"}}]}},"_links":{"self":[{"href":"https:\/\/kooku-staging.digitalagenten.com\/en\/wp-json\/wp\/v2\/pages\/19732","targetHints":{"allow":["GET"]}}],"collection":[{"href":"https:\/\/kooku-staging.digitalagenten.com\/en\/wp-json\/wp\/v2\/pages"}],"about":[{"href":"https:\/\/kooku-staging.digitalagenten.com\/en\/wp-json\/wp\/v2\/types\/page"}],"author":[{"embeddable":true,"href":"https:\/\/kooku-staging.digitalagenten.com\/en\/wp-json\/wp\/v2\/users\/14"}],"replies":[{"embeddable":true,"href":"https:\/\/kooku-staging.digitalagenten.com\/en\/wp-json\/wp\/v2\/comments?post=19732"}],"version-history":[{"count":0,"href":"https:\/\/kooku-staging.digitalagenten.com\/en\/wp-json\/wp\/v2\/pages\/19732\/revisions"}],"up":[{"embeddable":true,"href":"https:\/\/kooku-staging.digitalagenten.com\/en\/wp-json\/wp\/v2\/pages\/19219"}],"wp:attachment":[{"href":"https:\/\/kooku-staging.digitalagenten.com\/en\/wp-json\/wp\/v2\/media?parent=19732"}],"curies":[{"name":"wp","href":"https:\/\/api.w.org\/{rel}","templated":true}]}}