{"id":19728,"date":"2022-01-19T09:53:33","date_gmt":"2022-01-19T08:53:33","guid":{"rendered":"https:\/\/kooku.de\/imprint\/"},"modified":"2025-07-18T13:50:32","modified_gmt":"2025-07-18T11:50:32","slug":"imprint","status":"publish","type":"page","link":"https:\/\/kooku-staging.digitalagenten.com\/en\/imprint\/","title":{"rendered":"Imprint"},"content":{"rendered":"\t\t<div data-elementor-type=\"wp-page\" data-elementor-id=\"19728\" class=\"elementor elementor-19728 elementor-1019\" data-elementor-post-type=\"page\">\n\t\t\t\t\t\t<section class=\"elementor-section elementor-top-section elementor-element elementor-element-7d112fc elementor-section-height-min-height elementor-section-boxed elementor-section-height-default elementor-section-items-middle\" data-id=\"7d112fc\" data-element_type=\"section\" data-e-type=\"section\" data-settings=\"{&quot;background_background&quot;:&quot;classic&quot;}\">\n\t\t\t\t\t\t\t<div class=\"elementor-background-overlay\"><\/div>\n\t\t\t\t\t\t\t<div class=\"elementor-container elementor-column-gap-default\">\n\t\t\t\t\t<div class=\"elementor-column elementor-col-100 elementor-top-column elementor-element elementor-element-6e03abd\" data-id=\"6e03abd\" data-element_type=\"column\" data-e-type=\"column\">\n\t\t\t<div class=\"elementor-widget-wrap elementor-element-populated\">\n\t\t\t\t\t\t<div class=\"elementor-element elementor-element-a609ae1 elementor-widget elementor-widget-heading\" data-id=\"a609ae1\" data-element_type=\"widget\" data-e-type=\"widget\" data-widget_type=\"heading.default\">\n\t\t\t\t<div class=\"elementor-widget-container\">\n\t\t\t\t\t<h1 class=\"elementor-heading-title elementor-size-default\">Imprint<\/h1>\t\t\t\t<\/div>\n\t\t\t\t<\/div>\n\t\t\t\t\t<\/div>\n\t\t<\/div>\n\t\t\t\t\t<\/div>\n\t\t<\/section>\n\t\t\t\t<section class=\"elementor-section elementor-top-section elementor-element elementor-element-a535e4e elementor-section-boxed elementor-section-height-default elementor-section-height-default\" data-id=\"a535e4e\" data-element_type=\"section\" data-e-type=\"section\">\n\t\t\t\t\t\t<div class=\"elementor-container elementor-column-gap-default\">\n\t\t\t\t\t<div class=\"elementor-column elementor-col-100 elementor-top-column elementor-element elementor-element-a81894b\" data-id=\"a81894b\" data-element_type=\"column\" data-e-type=\"column\">\n\t\t\t<div class=\"elementor-widget-wrap elementor-element-populated\">\n\t\t\t\t\t\t<div class=\"elementor-element elementor-element-b60dcaf elementor-widget elementor-widget-text-editor\" data-id=\"b60dcaf\" data-element_type=\"widget\" data-e-type=\"widget\" data-widget_type=\"text-editor.default\">\n\t\t\t\t<div class=\"elementor-widget-container\">\n\t\t\t\t\t\t\t\t\t<p><strong>Kooku Recruiting GmbH<\/strong><\/p><p>Managing Director: Mathias Mengel<\/p><p>Location Berlin: Sonntagstr. 12, 10245 Berlin<\/p><p><span data-olk-copy-source=\"MessageBody\">Hamburg location: Hans-Henny-Jahnn-Weg 53, 22085 Hamburg<\/span><\/p><p><strong>Legal notice:<\/strong><\/p><p>Register court: Berlin-Charlottenburg Local Court<br>Commercial register number: HRB 244616 B<\/p><p><strong>Image rights<\/strong><\/p><p>\u00a9 Adobe Stock<strong><br><\/strong>\u00a9 rawpixel<br>\u00a9 unsplash.com<br>\u00a9 pexels.com<br>\u00a9 canva.com<\/p><p><strong>Sales tax<\/strong><\/p><p>Sales tax identification number according to \u00a7 27a of the sales tax law:<br>DE-355299259<\/p><p><strong>Disclaimer &#8211; legal notice<\/strong><\/p><p>\u00a7 1 Warning regarding content<br>The free and freely accessible content of this website has been created with the greatest possible care. However, the provider of this website does not guarantee the accuracy and timeliness of the provided free and freely accessible journalistic guides and news. Contributions identified by name reflect the opinion of the respective author and not always the opinion of the provider. Simply by calling up the free and freely accessible content, no contractual relationship is established between the user and the provider; in this respect, the provider&#8217;s intention to be legally bound is lacking.<\/p><p>\u00a7 2 External links<br>This website contains links to third-party websites (&#8220;external links&#8221;). These websites are subject to the liability of the respective operators. When the external links were first created, the provider checked the external content for any legal violations. No legal violations were apparent at the time. The provider has no influence on the current and future design and content of the linked pages. The inclusion of external links does not imply that the provider adopts the content behind the reference or link as its own. Constant monitoring of external links is not reasonable for the provider without concrete evidence of legal violations. However, such external links will be deleted immediately upon knowledge of any legal violations.<\/p><p>\u00a7 3 Copyright and ancillary copyright<br>The content published on this website is subject to German copyright and ancillary copyright law. Any use not permitted by German copyright and ancillary copyright law requires the prior written consent of the provider or the respective rights holder. This applies in particular to copying, editing, translation, storage, processing or reproduction of content in databases or other electronic media and systems. Contents and rights of third parties are marked as such. The unauthorized reproduction or distribution of individual content or complete pages is not permitted and is punishable by law. Only the production of copies and downloads for personal, private and non-commercial use is permitted.<\/p><p>The display of this website in external frames is only permitted with written permission.<\/p><p>\u00a7 4 Special terms of use<br>Insofar as special conditions for individual uses of this website deviate from the aforementioned paragraphs, this will be expressly indicated at the appropriate point. In this case, the special terms of use apply in each individual case.  <\/p>\t\t\t\t\t\t\t\t<\/div>\n\t\t\t\t<\/div>\n\t\t\t\t\t<\/div>\n\t\t<\/div>\n\t\t\t\t\t<\/div>\n\t\t<\/section>\n\t\t\t\t<\/div>\n\t\t","protected":false},"excerpt":{"rendered":"<p>Imprint Kooku Recruiting GmbH Managing Director: Mathias Mengel Location Berlin: Sonntagstr. 12, 10245 Berlin Hamburg location: Hans-Henny-Jahnn-Weg 53, 22085 Hamburg Legal notice: Register court: Berlin-Charlottenburg Local CourtCommercial register number: HRB 244616 B Image rights \u00a9 Adobe Stock\u00a9 rawpixel\u00a9 unsplash.com\u00a9 pexels.com\u00a9 canva.com Sales tax Sales tax identification number according to \u00a7 27a of the sales tax [&hellip;]<\/p>\n","protected":false},"author":3,"featured_media":0,"parent":0,"menu_order":300,"comment_status":"closed","ping_status":"closed","template":"elementor_header_footer","meta":{"content-type":"","footnotes":""},"class_list":["post-19728","page","type-page","status-publish","hentry"],"yoast_head":"<!-- This site is optimized with the Yoast SEO Premium plugin v27.2 (Yoast SEO v27.5) - https:\/\/yoast.com\/product\/yoast-seo-premium-wordpress\/ -->\n<title>Imprint - Kooku Recruiting Partners<\/title>\n<meta name=\"robots\" content=\"noindex, nofollow\" \/>\n<meta property=\"og:locale\" content=\"en_US\" \/>\n<meta property=\"og:type\" content=\"article\" \/>\n<meta property=\"og:title\" content=\"Imprint\" \/>\n<meta property=\"og:description\" content=\"Imprint Kooku Recruiting GmbH Managing Director: Mathias Mengel Location Berlin: Sonntagstr. 12, 10245 Berlin Hamburg location: Hans-Henny-Jahnn-Weg 53, 22085 Hamburg Legal notice: Register court: Berlin-Charlottenburg Local CourtCommercial register number: HRB 244616 B Image rights \u00a9 Adobe Stock\u00a9 rawpixel\u00a9 unsplash.com\u00a9 pexels.com\u00a9 canva.com Sales tax Sales tax identification number according to \u00a7 27a of the sales tax [&hellip;]\" \/>\n<meta property=\"og:url\" content=\"https:\/\/kooku-staging.digitalagenten.com\/en\/imprint\/\" \/>\n<meta property=\"og:site_name\" content=\"Kooku Recruiting Partners\" \/>\n<meta property=\"article:publisher\" content=\"https:\/\/www.facebook.com\/KookuRecruitingPartnersBerlin\/\" \/>\n<meta property=\"article:modified_time\" content=\"2025-07-18T11:50:32+00:00\" \/>\n<meta property=\"og:image\" content=\"https:\/\/kooku-staging.digitalagenten.com\/wp-content\/uploads\/2022\/01\/cropped-cropPped-kooku_augen_1600x1600.png\" \/>\n\t<meta property=\"og:image:width\" content=\"512\" \/>\n\t<meta property=\"og:image:height\" content=\"512\" \/>\n\t<meta property=\"og:image:type\" content=\"image\/png\" \/>\n<meta name=\"twitter:card\" content=\"summary_large_image\" \/>\n<meta name=\"twitter:label1\" content=\"Est. reading time\" \/>\n\t<meta name=\"twitter:data1\" content=\"2 minutes\" \/>\n<script type=\"application\/ld+json\" class=\"yoast-schema-graph\">{\"@context\":\"https:\\\/\\\/schema.org\",\"@graph\":[{\"@type\":\"WebPage\",\"@id\":\"https:\\\/\\\/kooku-staging.digitalagenten.com\\\/en\\\/imprint\\\/\",\"url\":\"https:\\\/\\\/kooku-staging.digitalagenten.com\\\/en\\\/imprint\\\/\",\"name\":\"Imprint - Kooku Recruiting Partners\",\"isPartOf\":{\"@id\":\"https:\\\/\\\/kooku-staging.digitalagenten.com\\\/en\\\/#website\"},\"datePublished\":\"2022-01-19T08:53:33+00:00\",\"dateModified\":\"2025-07-18T11:50:32+00:00\",\"breadcrumb\":{\"@id\":\"https:\\\/\\\/kooku-staging.digitalagenten.com\\\/en\\\/imprint\\\/#breadcrumb\"},\"inLanguage\":\"en-US\",\"potentialAction\":[{\"@type\":\"ReadAction\",\"target\":[\"https:\\\/\\\/kooku-staging.digitalagenten.com\\\/en\\\/imprint\\\/\"]}]},{\"@type\":\"BreadcrumbList\",\"@id\":\"https:\\\/\\\/kooku-staging.digitalagenten.com\\\/en\\\/imprint\\\/#breadcrumb\",\"itemListElement\":[{\"@type\":\"ListItem\",\"position\":1,\"name\":\"Kooku Recruiting Partner Berlin\",\"item\":\"https:\\\/\\\/kooku-staging.digitalagenten.com\\\/en\\\/\"},{\"@type\":\"ListItem\",\"position\":2,\"name\":\"Imprint\"}]},{\"@type\":\"WebSite\",\"@id\":\"https:\\\/\\\/kooku-staging.digitalagenten.com\\\/en\\\/#website\",\"url\":\"https:\\\/\\\/kooku-staging.digitalagenten.com\\\/en\\\/\",\"name\":\"Kooku Recruiting Partners Berlin\",\"description\":\"Die Nummer 1 Agentur f\u00fcr datenbasiertes und menschenzentriertes Recruiting &amp; Interim Recruiting\",\"publisher\":{\"@id\":\"https:\\\/\\\/kooku-staging.digitalagenten.com\\\/en\\\/#organization\"},\"potentialAction\":[{\"@type\":\"SearchAction\",\"target\":{\"@type\":\"EntryPoint\",\"urlTemplate\":\"https:\\\/\\\/kooku-staging.digitalagenten.com\\\/en\\\/?s={search_term_string}\"},\"query-input\":{\"@type\":\"PropertyValueSpecification\",\"valueRequired\":true,\"valueName\":\"search_term_string\"}}],\"inLanguage\":\"en-US\"},{\"@type\":\"Organization\",\"@id\":\"https:\\\/\\\/kooku-staging.digitalagenten.com\\\/en\\\/#organization\",\"name\":\"Kooku Recruiting GmbH\",\"alternateName\":\"Kooku Recruiting Partners Berlin\",\"url\":\"https:\\\/\\\/kooku-staging.digitalagenten.com\\\/en\\\/\",\"logo\":{\"@type\":\"ImageObject\",\"inLanguage\":\"en-US\",\"@id\":\"https:\\\/\\\/kooku-staging.digitalagenten.com\\\/en\\\/#\\\/schema\\\/logo\\\/image\\\/\",\"url\":\"https:\\\/\\\/kooku-staging.digitalagenten.com\\\/wp-content\\\/uploads\\\/2022\\\/01\\\/cropped-cropPped-kooku_augen_1600x1600.png\",\"contentUrl\":\"https:\\\/\\\/kooku-staging.digitalagenten.com\\\/wp-content\\\/uploads\\\/2022\\\/01\\\/cropped-cropPped-kooku_augen_1600x1600.png\",\"width\":512,\"height\":512,\"caption\":\"Kooku Recruiting GmbH\"},\"image\":{\"@id\":\"https:\\\/\\\/kooku-staging.digitalagenten.com\\\/en\\\/#\\\/schema\\\/logo\\\/image\\\/\"},\"sameAs\":[\"https:\\\/\\\/www.facebook.com\\\/KookuRecruitingPartnersBerlin\\\/\",\"https:\\\/\\\/www.instagram.com\\\/kookurecruitingpartners\\\/\"],\"description\":\"Kooku Recruiting GmbH ist eine 2014 in Berlin gegr\u00fcndete Recruiting-Agentur, die Unternehmen operativ und strategisch im Recruiting entlastet. Das Leistungsspektrum umfasst Interim Recruiting, Recruiting on Demand, Executive Search, Active Sourcing und Recruiting-Prozessoptimierung. Kooku arbeitet mit mittelst\u00e4ndischen Unternehmen, Start-ups und Scale-ups deutschlandweit und besetzt Fach- und F\u00fchrungspositionen in Tech, IT, Finance, Sales und Product. Durch datengetriebene Prozesse, Automatisierung und erfahrene Recruiting-Berater erreichen Kunden eine Zeitersparnis von 40\u201370 % bei k\u00fcrzerer Time-to-Hire, geringerer Cost-per-Hire und besserer Candidate Experience. Seit der Gr\u00fcndung hat Kooku \u00fcber 200 Unternehmen begleitet \u2013 messbar, effizient und menschlich.\",\"email\":\"hello@kooku.de\",\"telephone\":\"+4930994043660\",\"legalName\":\"Kooku Recruiting GmbH\",\"numberOfEmployees\":{\"@type\":\"QuantitativeValue\",\"minValue\":\"11\",\"maxValue\":\"50\"}}]}<\/script>\n<!-- \/ Yoast SEO Premium plugin. -->","yoast_head_json":{"title":"Imprint - Kooku Recruiting Partners","robots":{"index":"noindex","follow":"nofollow"},"og_locale":"en_US","og_type":"article","og_title":"Imprint","og_description":"Imprint Kooku Recruiting GmbH Managing Director: Mathias Mengel Location Berlin: Sonntagstr. 12, 10245 Berlin Hamburg location: Hans-Henny-Jahnn-Weg 53, 22085 Hamburg Legal notice: Register court: Berlin-Charlottenburg Local CourtCommercial register number: HRB 244616 B Image rights \u00a9 Adobe Stock\u00a9 rawpixel\u00a9 unsplash.com\u00a9 pexels.com\u00a9 canva.com Sales tax Sales tax identification number according to \u00a7 27a of the sales tax [&hellip;]","og_url":"https:\/\/kooku-staging.digitalagenten.com\/en\/imprint\/","og_site_name":"Kooku Recruiting Partners","article_publisher":"https:\/\/www.facebook.com\/KookuRecruitingPartnersBerlin\/","article_modified_time":"2025-07-18T11:50:32+00:00","og_image":[{"width":512,"height":512,"url":"https:\/\/kooku-staging.digitalagenten.com\/wp-content\/uploads\/2022\/01\/cropped-cropPped-kooku_augen_1600x1600.png","type":"image\/png"}],"twitter_card":"summary_large_image","twitter_misc":{"Est. reading time":"2 minutes"},"schema":{"@context":"https:\/\/schema.org","@graph":[{"@type":"WebPage","@id":"https:\/\/kooku-staging.digitalagenten.com\/en\/imprint\/","url":"https:\/\/kooku-staging.digitalagenten.com\/en\/imprint\/","name":"Imprint - Kooku Recruiting Partners","isPartOf":{"@id":"https:\/\/kooku-staging.digitalagenten.com\/en\/#website"},"datePublished":"2022-01-19T08:53:33+00:00","dateModified":"2025-07-18T11:50:32+00:00","breadcrumb":{"@id":"https:\/\/kooku-staging.digitalagenten.com\/en\/imprint\/#breadcrumb"},"inLanguage":"en-US","potentialAction":[{"@type":"ReadAction","target":["https:\/\/kooku-staging.digitalagenten.com\/en\/imprint\/"]}]},{"@type":"BreadcrumbList","@id":"https:\/\/kooku-staging.digitalagenten.com\/en\/imprint\/#breadcrumb","itemListElement":[{"@type":"ListItem","position":1,"name":"Kooku Recruiting Partner Berlin","item":"https:\/\/kooku-staging.digitalagenten.com\/en\/"},{"@type":"ListItem","position":2,"name":"Imprint"}]},{"@type":"WebSite","@id":"https:\/\/kooku-staging.digitalagenten.com\/en\/#website","url":"https:\/\/kooku-staging.digitalagenten.com\/en\/","name":"Kooku Recruiting Partners Berlin","description":"Die Nummer 1 Agentur f\u00fcr datenbasiertes und menschenzentriertes Recruiting &amp; Interim Recruiting","publisher":{"@id":"https:\/\/kooku-staging.digitalagenten.com\/en\/#organization"},"potentialAction":[{"@type":"SearchAction","target":{"@type":"EntryPoint","urlTemplate":"https:\/\/kooku-staging.digitalagenten.com\/en\/?s={search_term_string}"},"query-input":{"@type":"PropertyValueSpecification","valueRequired":true,"valueName":"search_term_string"}}],"inLanguage":"en-US"},{"@type":"Organization","@id":"https:\/\/kooku-staging.digitalagenten.com\/en\/#organization","name":"Kooku Recruiting GmbH","alternateName":"Kooku Recruiting Partners Berlin","url":"https:\/\/kooku-staging.digitalagenten.com\/en\/","logo":{"@type":"ImageObject","inLanguage":"en-US","@id":"https:\/\/kooku-staging.digitalagenten.com\/en\/#\/schema\/logo\/image\/","url":"https:\/\/kooku-staging.digitalagenten.com\/wp-content\/uploads\/2022\/01\/cropped-cropPped-kooku_augen_1600x1600.png","contentUrl":"https:\/\/kooku-staging.digitalagenten.com\/wp-content\/uploads\/2022\/01\/cropped-cropPped-kooku_augen_1600x1600.png","width":512,"height":512,"caption":"Kooku Recruiting GmbH"},"image":{"@id":"https:\/\/kooku-staging.digitalagenten.com\/en\/#\/schema\/logo\/image\/"},"sameAs":["https:\/\/www.facebook.com\/KookuRecruitingPartnersBerlin\/","https:\/\/www.instagram.com\/kookurecruitingpartners\/"],"description":"Kooku Recruiting GmbH ist eine 2014 in Berlin gegr\u00fcndete Recruiting-Agentur, die Unternehmen operativ und strategisch im Recruiting entlastet. Das Leistungsspektrum umfasst Interim Recruiting, Recruiting on Demand, Executive Search, Active Sourcing und Recruiting-Prozessoptimierung. Kooku arbeitet mit mittelst\u00e4ndischen Unternehmen, Start-ups und Scale-ups deutschlandweit und besetzt Fach- und F\u00fchrungspositionen in Tech, IT, Finance, Sales und Product. Durch datengetriebene Prozesse, Automatisierung und erfahrene Recruiting-Berater erreichen Kunden eine Zeitersparnis von 40\u201370 % bei k\u00fcrzerer Time-to-Hire, geringerer Cost-per-Hire und besserer Candidate Experience. Seit der Gr\u00fcndung hat Kooku \u00fcber 200 Unternehmen begleitet \u2013 messbar, effizient und menschlich.","email":"hello@kooku.de","telephone":"+4930994043660","legalName":"Kooku Recruiting GmbH","numberOfEmployees":{"@type":"QuantitativeValue","minValue":"11","maxValue":"50"}}]}},"_links":{"self":[{"href":"https:\/\/kooku-staging.digitalagenten.com\/en\/wp-json\/wp\/v2\/pages\/19728","targetHints":{"allow":["GET"]}}],"collection":[{"href":"https:\/\/kooku-staging.digitalagenten.com\/en\/wp-json\/wp\/v2\/pages"}],"about":[{"href":"https:\/\/kooku-staging.digitalagenten.com\/en\/wp-json\/wp\/v2\/types\/page"}],"author":[{"embeddable":true,"href":"https:\/\/kooku-staging.digitalagenten.com\/en\/wp-json\/wp\/v2\/users\/3"}],"replies":[{"embeddable":true,"href":"https:\/\/kooku-staging.digitalagenten.com\/en\/wp-json\/wp\/v2\/comments?post=19728"}],"version-history":[{"count":0,"href":"https:\/\/kooku-staging.digitalagenten.com\/en\/wp-json\/wp\/v2\/pages\/19728\/revisions"}],"wp:attachment":[{"href":"https:\/\/kooku-staging.digitalagenten.com\/en\/wp-json\/wp\/v2\/media?parent=19728"}],"curies":[{"name":"wp","href":"https:\/\/api.w.org\/{rel}","templated":true}]}}