{"id":19720,"date":"2022-01-18T08:58:46","date_gmt":"2022-01-18T07:58:46","guid":{"rendered":"https:\/\/kooku.de\/team\/jobs-internal\/"},"modified":"2026-02-12T17:44:30","modified_gmt":"2026-02-12T16:44:30","slug":"jobs-internal","status":"publish","type":"page","link":"https:\/\/kooku-staging.digitalagenten.com\/en\/team\/jobs-internal\/","title":{"rendered":"Jobs at Kooku"},"content":{"rendered":"\t\t<div data-elementor-type=\"wp-page\" data-elementor-id=\"19720\" class=\"elementor elementor-19720 elementor-816\" data-elementor-post-type=\"page\">\n\t\t\t\t\t\t<section class=\"elementor-section elementor-top-section elementor-element elementor-element-7d112fc elementor-section-height-min-height elementor-section-full_width elementor-section-height-default elementor-section-items-middle\" data-id=\"7d112fc\" data-element_type=\"section\" data-e-type=\"section\" data-settings=\"{&quot;background_background&quot;:&quot;classic&quot;}\">\n\t\t\t\t\t\t\t<div class=\"elementor-background-overlay\"><\/div>\n\t\t\t\t\t\t\t<div class=\"elementor-container elementor-column-gap-default\">\n\t\t\t\t\t<div class=\"elementor-column elementor-col-100 elementor-top-column elementor-element elementor-element-6e03abd\" data-id=\"6e03abd\" data-element_type=\"column\" data-e-type=\"column\">\n\t\t\t<div class=\"elementor-widget-wrap elementor-element-populated\">\n\t\t\t\t\t\t<div class=\"elementor-element elementor-element-a609ae1 elementor-widget elementor-widget-heading\" data-id=\"a609ae1\" data-element_type=\"widget\" data-e-type=\"widget\" data-widget_type=\"heading.default\">\n\t\t\t\t<div class=\"elementor-widget-container\">\n\t\t\t\t\t<h1 class=\"elementor-heading-title elementor-size-default\">Jobs at Kooku<\/h1>\t\t\t\t<\/div>\n\t\t\t\t<\/div>\n\t\t\t\t<div class=\"elementor-element elementor-element-dd79c3d elementor-widget elementor-widget-breadcrumbs\" data-id=\"dd79c3d\" data-element_type=\"widget\" data-e-type=\"widget\" data-widget_type=\"breadcrumbs.default\">\n\t\t\t\t<div class=\"elementor-widget-container\">\n\t\t\t\t\t<p id=\"breadcrumbs\"><span><span><a href=\"https:\/\/kooku-staging.digitalagenten.com\/en\/\">Kooku Recruiting Partner Berlin<\/a><\/span><\/span><\/p>\t\t\t\t<\/div>\n\t\t\t\t<\/div>\n\t\t\t\t\t<\/div>\n\t\t<\/div>\n\t\t\t\t\t<\/div>\n\t\t<\/section>\n\t\t\t\t<section class=\"elementor-section elementor-top-section elementor-element elementor-element-ab83216 elementor-section-height-min-height elementor-section-boxed elementor-section-height-default elementor-section-items-middle\" data-id=\"ab83216\" data-element_type=\"section\" data-e-type=\"section\">\n\t\t\t\t\t\t<div class=\"elementor-container elementor-column-gap-default\">\n\t\t\t\t\t<div class=\"elementor-column elementor-col-100 elementor-top-column elementor-element elementor-element-515fa01\" data-id=\"515fa01\" data-element_type=\"column\" data-e-type=\"column\">\n\t\t\t<div class=\"elementor-widget-wrap elementor-element-populated\">\n\t\t\t\t\t\t<div class=\"elementor-element elementor-element-e82863b elementor-widget elementor-widget-html\" data-id=\"e82863b\" data-element_type=\"widget\" data-e-type=\"widget\" data-widget_type=\"html.default\">\n\t\t\t\t<div class=\"elementor-widget-container\">\n\t\t\t\t\t<div id=\"iframe-container\" style=\"width: 95%; height: 500px; position: relative;\">\n\n  <iframe id=\"personio-iframe\" style=\"border: none; overflow-y: hidden; width: 100%; height: 100%; transition: height 0.3s ease;\" src=\"https:\/\/kooku.jobs.personio.de\/\" scrolling=\"no\"><\/iframe>\n\n<\/div>\n\n<script>\n\n  window.addEventListener('message', function(e) {\n\n    var iframe = document.querySelector('#personio-iframe');\n\n    var eventName = e.data[0];\n\n    var data = e.data[1];\n\n    switch(eventName) {\n\n      case 'setHeight':\n\n        iframe.style.height = data + 'px';\n\n        document.querySelector('#iframe-container').style.height = data + 'px';\n\n        break;\n\n    }\n\n  }, false);\n\n<\/script>\t\t\t\t<\/div>\n\t\t\t\t<\/div>\n\t\t\t\t\t<\/div>\n\t\t<\/div>\n\t\t\t\t\t<\/div>\n\t\t<\/section>\n\t\t\t\t<\/div>\n\t\t","protected":false},"excerpt":{"rendered":"<p>Jobs at Kooku<\/p>\n","protected":false},"author":3,"featured_media":0,"parent":19302,"menu_order":41,"comment_status":"closed","ping_status":"closed","template":"","meta":{"content-type":"","footnotes":""},"class_list":["post-19720","page","type-page","status-publish","hentry"],"yoast_head":"<!-- This site is optimized with the Yoast SEO Premium plugin v27.2 (Yoast SEO v27.5) - https:\/\/yoast.com\/product\/yoast-seo-premium-wordpress\/ -->\n<title>Jobs at Kooku - Kooku Recruiting Partners<\/title>\n<meta name=\"description\" content=\"Are you looking for recruiting jobs? At Kooku you will find this and much more information about recruiting Apply now!\" \/>\n<meta name=\"robots\" content=\"index, follow, max-snippet:-1, max-image-preview:large, max-video-preview:-1\" \/>\n<link rel=\"canonical\" href=\"https:\/\/kooku-staging.digitalagenten.com\/en\/team\/jobs-internal\/\" \/>\n<meta property=\"og:locale\" content=\"en_US\" \/>\n<meta property=\"og:type\" content=\"article\" \/>\n<meta property=\"og:title\" content=\"Jobs at Kooku\" \/>\n<meta property=\"og:description\" content=\"Are you looking for recruiting jobs? At Kooku you will find this and much more information about recruiting Apply now!\" \/>\n<meta property=\"og:url\" content=\"https:\/\/kooku-staging.digitalagenten.com\/en\/team\/jobs-internal\/\" \/>\n<meta property=\"og:site_name\" content=\"Kooku Recruiting Partners\" \/>\n<meta property=\"article:publisher\" content=\"https:\/\/www.facebook.com\/KookuRecruitingPartnersBerlin\/\" \/>\n<meta property=\"article:modified_time\" content=\"2026-02-12T16:44:30+00:00\" \/>\n<meta property=\"og:image\" content=\"https:\/\/kooku-staging.digitalagenten.com\/wp-content\/uploads\/2022\/01\/cropped-cropPped-kooku_augen_1600x1600.png\" \/>\n\t<meta property=\"og:image:width\" content=\"512\" \/>\n\t<meta property=\"og:image:height\" content=\"512\" \/>\n\t<meta property=\"og:image:type\" content=\"image\/png\" \/>\n<meta name=\"twitter:card\" content=\"summary_large_image\" \/>\n<script type=\"application\/ld+json\" class=\"yoast-schema-graph\">{\"@context\":\"https:\\\/\\\/schema.org\",\"@graph\":[{\"@type\":\"WebPage\",\"@id\":\"https:\\\/\\\/kooku-staging.digitalagenten.com\\\/en\\\/team\\\/jobs-internal\\\/\",\"url\":\"https:\\\/\\\/kooku-staging.digitalagenten.com\\\/en\\\/team\\\/jobs-internal\\\/\",\"name\":\"Jobs at Kooku - Kooku Recruiting Partners\",\"isPartOf\":{\"@id\":\"https:\\\/\\\/kooku-staging.digitalagenten.com\\\/en\\\/#website\"},\"datePublished\":\"2022-01-18T07:58:46+00:00\",\"dateModified\":\"2026-02-12T16:44:30+00:00\",\"description\":\"Are you looking for recruiting jobs? At Kooku you will find this and much more information about recruiting Apply now!\",\"breadcrumb\":{\"@id\":\"https:\\\/\\\/kooku-staging.digitalagenten.com\\\/en\\\/team\\\/jobs-internal\\\/#breadcrumb\"},\"inLanguage\":\"en-US\",\"potentialAction\":[{\"@type\":\"ReadAction\",\"target\":[\"https:\\\/\\\/kooku-staging.digitalagenten.com\\\/en\\\/team\\\/jobs-internal\\\/\"]}]},{\"@type\":\"BreadcrumbList\",\"@id\":\"https:\\\/\\\/kooku-staging.digitalagenten.com\\\/en\\\/team\\\/jobs-internal\\\/#breadcrumb\",\"itemListElement\":[{\"@type\":\"ListItem\",\"position\":1,\"name\":\"Kooku Recruiting Partner Berlin\",\"item\":\"https:\\\/\\\/kooku-staging.digitalagenten.com\\\/en\\\/\"},{\"@type\":\"ListItem\",\"position\":2,\"name\":\"Team Kooku\",\"item\":\"https:\\\/\\\/kooku-staging.digitalagenten.com\\\/en\\\/team\\\/\"},{\"@type\":\"ListItem\",\"position\":3,\"name\":\"Jobs at Kooku\"}]},{\"@type\":\"WebSite\",\"@id\":\"https:\\\/\\\/kooku-staging.digitalagenten.com\\\/en\\\/#website\",\"url\":\"https:\\\/\\\/kooku-staging.digitalagenten.com\\\/en\\\/\",\"name\":\"Kooku Recruiting Partners Berlin\",\"description\":\"Die Nummer 1 Agentur f\u00fcr datenbasiertes und menschenzentriertes Recruiting &amp; Interim Recruiting\",\"publisher\":{\"@id\":\"https:\\\/\\\/kooku-staging.digitalagenten.com\\\/en\\\/#organization\"},\"potentialAction\":[{\"@type\":\"SearchAction\",\"target\":{\"@type\":\"EntryPoint\",\"urlTemplate\":\"https:\\\/\\\/kooku-staging.digitalagenten.com\\\/en\\\/?s={search_term_string}\"},\"query-input\":{\"@type\":\"PropertyValueSpecification\",\"valueRequired\":true,\"valueName\":\"search_term_string\"}}],\"inLanguage\":\"en-US\"},{\"@type\":\"Organization\",\"@id\":\"https:\\\/\\\/kooku-staging.digitalagenten.com\\\/en\\\/#organization\",\"name\":\"Kooku Recruiting GmbH\",\"alternateName\":\"Kooku Recruiting Partners Berlin\",\"url\":\"https:\\\/\\\/kooku-staging.digitalagenten.com\\\/en\\\/\",\"logo\":{\"@type\":\"ImageObject\",\"inLanguage\":\"en-US\",\"@id\":\"https:\\\/\\\/kooku-staging.digitalagenten.com\\\/en\\\/#\\\/schema\\\/logo\\\/image\\\/\",\"url\":\"https:\\\/\\\/kooku-staging.digitalagenten.com\\\/wp-content\\\/uploads\\\/2022\\\/01\\\/cropped-cropPped-kooku_augen_1600x1600.png\",\"contentUrl\":\"https:\\\/\\\/kooku-staging.digitalagenten.com\\\/wp-content\\\/uploads\\\/2022\\\/01\\\/cropped-cropPped-kooku_augen_1600x1600.png\",\"width\":512,\"height\":512,\"caption\":\"Kooku Recruiting GmbH\"},\"image\":{\"@id\":\"https:\\\/\\\/kooku-staging.digitalagenten.com\\\/en\\\/#\\\/schema\\\/logo\\\/image\\\/\"},\"sameAs\":[\"https:\\\/\\\/www.facebook.com\\\/KookuRecruitingPartnersBerlin\\\/\",\"https:\\\/\\\/www.instagram.com\\\/kookurecruitingpartners\\\/\"],\"description\":\"Kooku Recruiting GmbH ist eine 2014 in Berlin gegr\u00fcndete Recruiting-Agentur, die Unternehmen operativ und strategisch im Recruiting entlastet. Das Leistungsspektrum umfasst Interim Recruiting, Recruiting on Demand, Executive Search, Active Sourcing und Recruiting-Prozessoptimierung. Kooku arbeitet mit mittelst\u00e4ndischen Unternehmen, Start-ups und Scale-ups deutschlandweit und besetzt Fach- und F\u00fchrungspositionen in Tech, IT, Finance, Sales und Product. Durch datengetriebene Prozesse, Automatisierung und erfahrene Recruiting-Berater erreichen Kunden eine Zeitersparnis von 40\u201370 % bei k\u00fcrzerer Time-to-Hire, geringerer Cost-per-Hire und besserer Candidate Experience. Seit der Gr\u00fcndung hat Kooku \u00fcber 200 Unternehmen begleitet \u2013 messbar, effizient und menschlich.\",\"email\":\"hello@kooku.de\",\"telephone\":\"+4930994043660\",\"legalName\":\"Kooku Recruiting GmbH\",\"numberOfEmployees\":{\"@type\":\"QuantitativeValue\",\"minValue\":\"11\",\"maxValue\":\"50\"}}]}<\/script>\n<!-- \/ Yoast SEO Premium plugin. -->","yoast_head_json":{"title":"Jobs at Kooku - Kooku Recruiting Partners","description":"Are you looking for recruiting jobs? At Kooku you will find this and much more information about recruiting Apply now!","robots":{"index":"index","follow":"follow","max-snippet":"max-snippet:-1","max-image-preview":"max-image-preview:large","max-video-preview":"max-video-preview:-1"},"canonical":"https:\/\/kooku-staging.digitalagenten.com\/en\/team\/jobs-internal\/","og_locale":"en_US","og_type":"article","og_title":"Jobs at Kooku","og_description":"Are you looking for recruiting jobs? At Kooku you will find this and much more information about recruiting Apply now!","og_url":"https:\/\/kooku-staging.digitalagenten.com\/en\/team\/jobs-internal\/","og_site_name":"Kooku Recruiting Partners","article_publisher":"https:\/\/www.facebook.com\/KookuRecruitingPartnersBerlin\/","article_modified_time":"2026-02-12T16:44:30+00:00","og_image":[{"width":512,"height":512,"url":"https:\/\/kooku-staging.digitalagenten.com\/wp-content\/uploads\/2022\/01\/cropped-cropPped-kooku_augen_1600x1600.png","type":"image\/png"}],"twitter_card":"summary_large_image","schema":{"@context":"https:\/\/schema.org","@graph":[{"@type":"WebPage","@id":"https:\/\/kooku-staging.digitalagenten.com\/en\/team\/jobs-internal\/","url":"https:\/\/kooku-staging.digitalagenten.com\/en\/team\/jobs-internal\/","name":"Jobs at Kooku - Kooku Recruiting Partners","isPartOf":{"@id":"https:\/\/kooku-staging.digitalagenten.com\/en\/#website"},"datePublished":"2022-01-18T07:58:46+00:00","dateModified":"2026-02-12T16:44:30+00:00","description":"Are you looking for recruiting jobs? At Kooku you will find this and much more information about recruiting Apply now!","breadcrumb":{"@id":"https:\/\/kooku-staging.digitalagenten.com\/en\/team\/jobs-internal\/#breadcrumb"},"inLanguage":"en-US","potentialAction":[{"@type":"ReadAction","target":["https:\/\/kooku-staging.digitalagenten.com\/en\/team\/jobs-internal\/"]}]},{"@type":"BreadcrumbList","@id":"https:\/\/kooku-staging.digitalagenten.com\/en\/team\/jobs-internal\/#breadcrumb","itemListElement":[{"@type":"ListItem","position":1,"name":"Kooku Recruiting Partner Berlin","item":"https:\/\/kooku-staging.digitalagenten.com\/en\/"},{"@type":"ListItem","position":2,"name":"Team Kooku","item":"https:\/\/kooku-staging.digitalagenten.com\/en\/team\/"},{"@type":"ListItem","position":3,"name":"Jobs at Kooku"}]},{"@type":"WebSite","@id":"https:\/\/kooku-staging.digitalagenten.com\/en\/#website","url":"https:\/\/kooku-staging.digitalagenten.com\/en\/","name":"Kooku Recruiting Partners Berlin","description":"Die Nummer 1 Agentur f\u00fcr datenbasiertes und menschenzentriertes Recruiting &amp; Interim Recruiting","publisher":{"@id":"https:\/\/kooku-staging.digitalagenten.com\/en\/#organization"},"potentialAction":[{"@type":"SearchAction","target":{"@type":"EntryPoint","urlTemplate":"https:\/\/kooku-staging.digitalagenten.com\/en\/?s={search_term_string}"},"query-input":{"@type":"PropertyValueSpecification","valueRequired":true,"valueName":"search_term_string"}}],"inLanguage":"en-US"},{"@type":"Organization","@id":"https:\/\/kooku-staging.digitalagenten.com\/en\/#organization","name":"Kooku Recruiting GmbH","alternateName":"Kooku Recruiting Partners Berlin","url":"https:\/\/kooku-staging.digitalagenten.com\/en\/","logo":{"@type":"ImageObject","inLanguage":"en-US","@id":"https:\/\/kooku-staging.digitalagenten.com\/en\/#\/schema\/logo\/image\/","url":"https:\/\/kooku-staging.digitalagenten.com\/wp-content\/uploads\/2022\/01\/cropped-cropPped-kooku_augen_1600x1600.png","contentUrl":"https:\/\/kooku-staging.digitalagenten.com\/wp-content\/uploads\/2022\/01\/cropped-cropPped-kooku_augen_1600x1600.png","width":512,"height":512,"caption":"Kooku Recruiting GmbH"},"image":{"@id":"https:\/\/kooku-staging.digitalagenten.com\/en\/#\/schema\/logo\/image\/"},"sameAs":["https:\/\/www.facebook.com\/KookuRecruitingPartnersBerlin\/","https:\/\/www.instagram.com\/kookurecruitingpartners\/"],"description":"Kooku Recruiting GmbH ist eine 2014 in Berlin gegr\u00fcndete Recruiting-Agentur, die Unternehmen operativ und strategisch im Recruiting entlastet. Das Leistungsspektrum umfasst Interim Recruiting, Recruiting on Demand, Executive Search, Active Sourcing und Recruiting-Prozessoptimierung. Kooku arbeitet mit mittelst\u00e4ndischen Unternehmen, Start-ups und Scale-ups deutschlandweit und besetzt Fach- und F\u00fchrungspositionen in Tech, IT, Finance, Sales und Product. Durch datengetriebene Prozesse, Automatisierung und erfahrene Recruiting-Berater erreichen Kunden eine Zeitersparnis von 40\u201370 % bei k\u00fcrzerer Time-to-Hire, geringerer Cost-per-Hire und besserer Candidate Experience. Seit der Gr\u00fcndung hat Kooku \u00fcber 200 Unternehmen begleitet \u2013 messbar, effizient und menschlich.","email":"hello@kooku.de","telephone":"+4930994043660","legalName":"Kooku Recruiting GmbH","numberOfEmployees":{"@type":"QuantitativeValue","minValue":"11","maxValue":"50"}}]}},"_links":{"self":[{"href":"https:\/\/kooku-staging.digitalagenten.com\/en\/wp-json\/wp\/v2\/pages\/19720","targetHints":{"allow":["GET"]}}],"collection":[{"href":"https:\/\/kooku-staging.digitalagenten.com\/en\/wp-json\/wp\/v2\/pages"}],"about":[{"href":"https:\/\/kooku-staging.digitalagenten.com\/en\/wp-json\/wp\/v2\/types\/page"}],"author":[{"embeddable":true,"href":"https:\/\/kooku-staging.digitalagenten.com\/en\/wp-json\/wp\/v2\/users\/3"}],"replies":[{"embeddable":true,"href":"https:\/\/kooku-staging.digitalagenten.com\/en\/wp-json\/wp\/v2\/comments?post=19720"}],"version-history":[{"count":7,"href":"https:\/\/kooku-staging.digitalagenten.com\/en\/wp-json\/wp\/v2\/pages\/19720\/revisions"}],"predecessor-version":[{"id":32215,"href":"https:\/\/kooku-staging.digitalagenten.com\/en\/wp-json\/wp\/v2\/pages\/19720\/revisions\/32215"}],"up":[{"embeddable":true,"href":"https:\/\/kooku-staging.digitalagenten.com\/en\/wp-json\/wp\/v2\/pages\/19302"}],"wp:attachment":[{"href":"https:\/\/kooku-staging.digitalagenten.com\/en\/wp-json\/wp\/v2\/media?parent=19720"}],"curies":[{"name":"wp","href":"https:\/\/api.w.org\/{rel}","templated":true}]}}