{"id":19711,"date":"2022-01-19T12:17:58","date_gmt":"2022-01-19T11:17:58","guid":{"rendered":"https:\/\/kooku.de\/contact\/"},"modified":"2026-03-10T15:57:17","modified_gmt":"2026-03-10T14:57:17","slug":"kontakt","status":"publish","type":"page","link":"https:\/\/kooku-staging.digitalagenten.com\/en\/kontakt\/","title":{"rendered":"Contact"},"content":{"rendered":"\t\t<div data-elementor-type=\"wp-page\" data-elementor-id=\"19711\" class=\"elementor elementor-19711 elementor-1063\" data-elementor-post-type=\"page\">\n\t\t\t\t\t\t<section class=\"elementor-section elementor-top-section elementor-element elementor-element-7d112fc elementor-section-height-min-height elementor-section-full_width section-background-image elementor-section-height-default elementor-section-items-middle\" data-id=\"7d112fc\" data-element_type=\"section\" data-e-type=\"section\" data-settings=\"{&quot;background_background&quot;:&quot;classic&quot;}\">\n\t\t\t\t\t\t\t<div class=\"elementor-background-overlay\"><\/div>\n\t\t\t\t\t\t\t<div class=\"elementor-container elementor-column-gap-default\">\n\t\t\t\t\t<div class=\"elementor-column elementor-col-100 elementor-top-column elementor-element elementor-element-6e03abd\" data-id=\"6e03abd\" data-element_type=\"column\" data-e-type=\"column\">\n\t\t\t<div class=\"elementor-widget-wrap elementor-element-populated\">\n\t\t\t\t\t\t<div class=\"elementor-element elementor-element-a609ae1 elementor-widget elementor-widget-heading\" data-id=\"a609ae1\" data-element_type=\"widget\" data-e-type=\"widget\" data-widget_type=\"heading.default\">\n\t\t\t\t<div class=\"elementor-widget-container\">\n\t\t\t\t\t<h1 class=\"elementor-heading-title elementor-size-default\">Contact<\/h1>\t\t\t\t<\/div>\n\t\t\t\t<\/div>\n\t\t\t\t<div class=\"elementor-element elementor-element-dd79c3d elementor-widget elementor-widget-breadcrumbs\" data-id=\"dd79c3d\" data-element_type=\"widget\" data-e-type=\"widget\" data-widget_type=\"breadcrumbs.default\">\n\t\t\t\t<div class=\"elementor-widget-container\">\n\t\t\t\t\t<p id=\"breadcrumbs\"><span><span><a href=\"https:\/\/kooku-staging.digitalagenten.com\/en\/\">Kooku Recruiting Partner Berlin<\/a><\/span><\/span><\/p>\t\t\t\t<\/div>\n\t\t\t\t<\/div>\n\t\t\t\t\t<\/div>\n\t\t<\/div>\n\t\t\t\t\t<\/div>\n\t\t<\/section>\n\t\t\t\t<section class=\"elementor-section elementor-top-section elementor-element elementor-element-a535e4e elementor-section-full_width elementor-section-height-default elementor-section-height-default\" data-id=\"a535e4e\" data-element_type=\"section\" data-e-type=\"section\" data-settings=\"{&quot;background_background&quot;:&quot;classic&quot;}\">\n\t\t\t\t\t\t<div class=\"elementor-container elementor-column-gap-default\">\n\t\t\t\t\t<div class=\"elementor-column elementor-col-100 elementor-top-column elementor-element elementor-element-a81894b\" data-id=\"a81894b\" data-element_type=\"column\" data-e-type=\"column\">\n\t\t\t<div class=\"elementor-widget-wrap elementor-element-populated\">\n\t\t\t\t\t\t<section class=\"elementor-section elementor-inner-section elementor-element elementor-element-05d7756 elementor-section-boxed elementor-section-height-default elementor-section-height-default\" data-id=\"05d7756\" data-element_type=\"section\" data-e-type=\"section\">\n\t\t\t\t\t\t<div class=\"elementor-container elementor-column-gap-default\">\n\t\t\t\t\t<div class=\"elementor-column elementor-col-50 elementor-inner-column elementor-element elementor-element-f9eddca\" data-id=\"f9eddca\" data-element_type=\"column\" data-e-type=\"column\">\n\t\t\t<div class=\"elementor-widget-wrap elementor-element-populated\">\n\t\t\t\t\t\t<div class=\"elementor-element elementor-element-6a886a5 elementor-widget elementor-widget-image\" data-id=\"6a886a5\" data-element_type=\"widget\" data-e-type=\"widget\" data-widget_type=\"image.default\">\n\t\t\t\t<div class=\"elementor-widget-container\">\n\t\t\t\t\t\t\t\t\t\t\t\t\t\t\t<img fetchpriority=\"high\" decoding=\"async\" width=\"768\" height=\"384\" src=\"https:\/\/kooku-staging.digitalagenten.com\/wp-content\/uploads\/2022\/01\/Interim-Recruiting-Agentur-Berlin-768x384.jpg\" class=\"attachment-medium_large size-medium_large wp-image-18609\" alt=\"Team Kooku - Kooku Recruiting Partners Berlin\" srcset=\"https:\/\/kooku-staging.digitalagenten.com\/wp-content\/uploads\/2022\/01\/Interim-Recruiting-Agentur-Berlin-768x384.jpg 768w, https:\/\/kooku-staging.digitalagenten.com\/wp-content\/uploads\/2022\/01\/Interim-Recruiting-Agentur-Berlin-300x150.jpg 300w, https:\/\/kooku-staging.digitalagenten.com\/wp-content\/uploads\/2022\/01\/Interim-Recruiting-Agentur-Berlin-1024x512.jpg 1024w, https:\/\/kooku-staging.digitalagenten.com\/wp-content\/uploads\/2022\/01\/Interim-Recruiting-Agentur-Berlin.jpg 1536w\" sizes=\"(max-width: 768px) 100vw, 768px\" \/>\t\t\t\t\t\t\t\t\t\t\t\t\t\t\t<\/div>\n\t\t\t\t<\/div>\n\t\t\t\t<div class=\"elementor-element elementor-element-a02477e elementor-widget elementor-widget-heading\" data-id=\"a02477e\" data-element_type=\"widget\" data-e-type=\"widget\" data-widget_type=\"heading.default\">\n\t\t\t\t<div class=\"elementor-widget-container\">\n\t\t\t\t\t<h3 class=\"elementor-heading-title elementor-size-default\">Kooku Recruiting GmbH<\/h3>\t\t\t\t<\/div>\n\t\t\t\t<\/div>\n\t\t\t\t<div class=\"elementor-element elementor-element-3489fc6 elementor-widget elementor-widget-text-editor\" data-id=\"3489fc6\" data-element_type=\"widget\" data-e-type=\"widget\" data-widget_type=\"text-editor.default\">\n\t\t\t\t<div class=\"elementor-widget-container\">\n\t\t\t\t\t\t\t\t\t<h3><span style=\"font-size: 16px;\">Office: Sonntagstr. 12, 10245 Berlin<\/span><\/h3>\t\t\t\t\t\t\t\t<\/div>\n\t\t\t\t<\/div>\n\t\t\t\t<div class=\"elementor-element elementor-element-e0e2926 elementor-widget elementor-widget-text-editor\" data-id=\"e0e2926\" data-element_type=\"widget\" data-e-type=\"widget\" data-widget_type=\"text-editor.default\">\n\t\t\t\t<div class=\"elementor-widget-container\">\n\t\t\t\t\t\t\t\t\t<p>Tel: 030 99 40 436 60<br>Fax: 030 99 40 436 66<br>Mail: <a href=\"mailto:hello@kooku.de\">hello@kooku.de<\/a><\/p>\t\t\t\t\t\t\t\t<\/div>\n\t\t\t\t<\/div>\n\t\t\t\t<div class=\"elementor-element elementor-element-7123e27 elementor-widget elementor-widget-eael-creative-button\" data-id=\"7123e27\" data-element_type=\"widget\" data-e-type=\"widget\" data-widget_type=\"eael-creative-button.default\">\n\t\t\t\t<div class=\"elementor-widget-container\">\n\t\t\t\t\t        <div class=\"eael-creative-button-wrapper\">\n\n            <a class=\"eael-creative-button eael-creative-button--default eael-cb-icon-position-\" href=\"tel:+4930994043660\" data-text=\"\">\n            \t    \n                <div class=\"creative-button-inner\">\n\n                    \n                    <span class=\"cretive-button-text\">Call now<\/span>\n\n                                    <\/div>\n\t                        <\/a>\n        <\/div>\n        \t\t\t\t<\/div>\n\t\t\t\t<\/div>\n\t\t\t\t<div class=\"elementor-element elementor-element-e76279c elementor-widget elementor-widget-eael-creative-button\" data-id=\"e76279c\" data-element_type=\"widget\" data-e-type=\"widget\" data-widget_type=\"eael-creative-button.default\">\n\t\t\t\t<div class=\"elementor-widget-container\">\n\t\t\t\t\t        <div class=\"eael-creative-button-wrapper\">\n\n            <a class=\"eael-creative-button eael-creative-button--default eael-cb-icon-position-\" href=\"https:\/\/kooku-staging.digitalagenten.com\/recruiting-services\/termin\/\" data-text=\"\">\n            \t    \n                <div class=\"creative-button-inner\">\n\n                    \n                    <span class=\"cretive-button-text\">Arrange a phone call to get to know each other<\/span>\n\n                                    <\/div>\n\t                        <\/a>\n        <\/div>\n        \t\t\t\t<\/div>\n\t\t\t\t<\/div>\n\t\t\t\t\t<\/div>\n\t\t<\/div>\n\t\t\t\t<div class=\"elementor-column elementor-col-50 elementor-inner-column elementor-element elementor-element-6c13652\" data-id=\"6c13652\" data-element_type=\"column\" data-e-type=\"column\">\n\t\t\t<div class=\"elementor-widget-wrap elementor-element-populated\">\n\t\t\t\t\t\t<div class=\"elementor-element elementor-element-edfe79f elementor-widget elementor-widget-heading\" data-id=\"edfe79f\" data-element_type=\"widget\" data-e-type=\"widget\" data-widget_type=\"heading.default\">\n\t\t\t\t<div class=\"elementor-widget-container\">\n\t\t\t\t\t<h2 class=\"elementor-heading-title elementor-size-default\">Your message to us<\/h2>\t\t\t\t<\/div>\n\t\t\t\t<\/div>\n\t\t\t\t<div class=\"elementor-element elementor-element-eb286b3 elementor-widget elementor-widget-html\" data-id=\"eb286b3\" data-element_type=\"widget\" data-e-type=\"widget\" data-widget_type=\"html.default\">\n\t\t\t\t<div class=\"elementor-widget-container\">\n\t\t\t\t\t<script charset=\"utf-8\" type=\"text\/javascript\" src=\"\/\/js.hsforms.net\/forms\/shell.js\"><\/script><script>hbspt.forms.create({\r\n\tregion: \"na1\",\r\n\tportalId: \"9044894\",\r\n\tformId: \"e8c82a23-fd38-44c9-8581-292871218df8\"\r\n});\r\n<\/script>\t\t\t\t<\/div>\n\t\t\t\t<\/div>\n\t\t\t\t\t<\/div>\n\t\t<\/div>\n\t\t\t\t\t<\/div>\n\t\t<\/section>\n\t\t\t\t\t<\/div>\n\t\t<\/div>\n\t\t\t\t\t<\/div>\n\t\t<\/section>\n\t\t<div class=\"elementor-element elementor-element-fdc4e6d e-flex e-con-boxed e-con e-parent\" data-id=\"fdc4e6d\" data-element_type=\"container\" data-e-type=\"container\">\n\t\t\t\t\t<div class=\"e-con-inner\">\n\t\t\t\t\t<\/div>\n\t\t\t\t<\/div>\n\t\t\t\t<\/div>\n\t\t","protected":false},"excerpt":{"rendered":"<p>Contact Kooku Recruiting GmbH Office: Sonntagstr. 12, 10245 Berlin Tel: 030 99 40 436 60Fax: 030 99 40 436 66Mail: hello@kooku.de Call now Arrange a phone call to get to know each other Your message to us<\/p>\n","protected":false},"author":3,"featured_media":0,"parent":0,"menu_order":200,"comment_status":"closed","ping_status":"closed","template":"elementor_header_footer","meta":{"content-type":"","footnotes":""},"class_list":["post-19711","page","type-page","status-publish","hentry"],"yoast_head":"<!-- This site is optimized with the Yoast SEO Premium plugin v27.2 (Yoast SEO v27.5) - https:\/\/yoast.com\/product\/yoast-seo-premium-wordpress\/ -->\n<title>Contact | Kooku Recruiting | Initial interview in 24h<\/title>\n<meta name=\"description\" content=\"Free initial consultation with Kooku Recruiting. Interim, On-Demand &amp; Executive Search in Germany. Response within 24 hours. Get in touch now.\" \/>\n<meta name=\"robots\" content=\"index, follow, max-snippet:-1, max-image-preview:large, max-video-preview:-1\" \/>\n<link rel=\"canonical\" href=\"https:\/\/kooku-staging.digitalagenten.com\/en\/kontakt\/\" \/>\n<meta property=\"og:locale\" content=\"en_US\" \/>\n<meta property=\"og:type\" content=\"article\" \/>\n<meta property=\"og:title\" content=\"Contact\" \/>\n<meta property=\"og:description\" content=\"Free initial consultation with Kooku Recruiting. Interim, On-Demand &amp; Executive Search in Germany. Response within 24 hours. Get in touch now.\" \/>\n<meta property=\"og:url\" content=\"https:\/\/kooku-staging.digitalagenten.com\/en\/kontakt\/\" \/>\n<meta property=\"og:site_name\" content=\"Kooku Recruiting Partners\" \/>\n<meta property=\"article:publisher\" content=\"https:\/\/www.facebook.com\/KookuRecruitingPartnersBerlin\/\" \/>\n<meta property=\"article:modified_time\" content=\"2026-03-10T14:57:17+00:00\" \/>\n<meta property=\"og:image\" content=\"https:\/\/kooku-staging.digitalagenten.com\/wp-content\/uploads\/2022\/01\/Interim-Recruiting-Agentur-Berlin-768x384.jpg\" \/>\n<meta name=\"twitter:card\" content=\"summary_large_image\" \/>\n<meta name=\"twitter:label1\" content=\"Est. reading time\" \/>\n\t<meta name=\"twitter:data1\" content=\"1 minute\" \/>\n<script type=\"application\/ld+json\" class=\"yoast-schema-graph\">{\"@context\":\"https:\\\/\\\/schema.org\",\"@graph\":[{\"@type\":\"WebPage\",\"@id\":\"https:\\\/\\\/kooku-staging.digitalagenten.com\\\/en\\\/kontakt\\\/\",\"url\":\"https:\\\/\\\/kooku-staging.digitalagenten.com\\\/en\\\/kontakt\\\/\",\"name\":\"Contact | Kooku Recruiting | Initial interview in 24h\",\"isPartOf\":{\"@id\":\"https:\\\/\\\/kooku-staging.digitalagenten.com\\\/en\\\/#website\"},\"primaryImageOfPage\":{\"@id\":\"https:\\\/\\\/kooku-staging.digitalagenten.com\\\/en\\\/kontakt\\\/#primaryimage\"},\"image\":{\"@id\":\"https:\\\/\\\/kooku-staging.digitalagenten.com\\\/en\\\/kontakt\\\/#primaryimage\"},\"thumbnailUrl\":\"https:\\\/\\\/kooku-staging.digitalagenten.com\\\/wp-content\\\/uploads\\\/2022\\\/01\\\/Interim-Recruiting-Agentur-Berlin-768x384.jpg\",\"datePublished\":\"2022-01-19T11:17:58+00:00\",\"dateModified\":\"2026-03-10T14:57:17+00:00\",\"description\":\"Free initial consultation with Kooku Recruiting. Interim, On-Demand & Executive Search in Germany. Response within 24 hours. Get in touch now.\",\"breadcrumb\":{\"@id\":\"https:\\\/\\\/kooku-staging.digitalagenten.com\\\/en\\\/kontakt\\\/#breadcrumb\"},\"inLanguage\":\"en-US\",\"potentialAction\":[{\"@type\":\"ReadAction\",\"target\":[\"https:\\\/\\\/kooku-staging.digitalagenten.com\\\/en\\\/kontakt\\\/\"]}]},{\"@type\":\"ImageObject\",\"inLanguage\":\"en-US\",\"@id\":\"https:\\\/\\\/kooku-staging.digitalagenten.com\\\/en\\\/kontakt\\\/#primaryimage\",\"url\":\"https:\\\/\\\/kooku-staging.digitalagenten.com\\\/wp-content\\\/uploads\\\/2022\\\/01\\\/Interim-Recruiting-Agentur-Berlin-768x384.jpg\",\"contentUrl\":\"https:\\\/\\\/kooku-staging.digitalagenten.com\\\/wp-content\\\/uploads\\\/2022\\\/01\\\/Interim-Recruiting-Agentur-Berlin-768x384.jpg\"},{\"@type\":\"BreadcrumbList\",\"@id\":\"https:\\\/\\\/kooku-staging.digitalagenten.com\\\/en\\\/kontakt\\\/#breadcrumb\",\"itemListElement\":[{\"@type\":\"ListItem\",\"position\":1,\"name\":\"Kooku Recruiting Partner Berlin\",\"item\":\"https:\\\/\\\/kooku-staging.digitalagenten.com\\\/en\\\/\"},{\"@type\":\"ListItem\",\"position\":2,\"name\":\"Contact\"}]},{\"@type\":\"WebSite\",\"@id\":\"https:\\\/\\\/kooku-staging.digitalagenten.com\\\/en\\\/#website\",\"url\":\"https:\\\/\\\/kooku-staging.digitalagenten.com\\\/en\\\/\",\"name\":\"Kooku Recruiting Partners Berlin\",\"description\":\"Die Nummer 1 Agentur f\u00fcr datenbasiertes und menschenzentriertes Recruiting &amp; Interim Recruiting\",\"publisher\":{\"@id\":\"https:\\\/\\\/kooku-staging.digitalagenten.com\\\/en\\\/#organization\"},\"potentialAction\":[{\"@type\":\"SearchAction\",\"target\":{\"@type\":\"EntryPoint\",\"urlTemplate\":\"https:\\\/\\\/kooku-staging.digitalagenten.com\\\/en\\\/?s={search_term_string}\"},\"query-input\":{\"@type\":\"PropertyValueSpecification\",\"valueRequired\":true,\"valueName\":\"search_term_string\"}}],\"inLanguage\":\"en-US\"},{\"@type\":\"Organization\",\"@id\":\"https:\\\/\\\/kooku-staging.digitalagenten.com\\\/en\\\/#organization\",\"name\":\"Kooku Recruiting GmbH\",\"alternateName\":\"Kooku Recruiting Partners Berlin\",\"url\":\"https:\\\/\\\/kooku-staging.digitalagenten.com\\\/en\\\/\",\"logo\":{\"@type\":\"ImageObject\",\"inLanguage\":\"en-US\",\"@id\":\"https:\\\/\\\/kooku-staging.digitalagenten.com\\\/en\\\/#\\\/schema\\\/logo\\\/image\\\/\",\"url\":\"https:\\\/\\\/kooku-staging.digitalagenten.com\\\/wp-content\\\/uploads\\\/2022\\\/01\\\/cropped-cropPped-kooku_augen_1600x1600.png\",\"contentUrl\":\"https:\\\/\\\/kooku-staging.digitalagenten.com\\\/wp-content\\\/uploads\\\/2022\\\/01\\\/cropped-cropPped-kooku_augen_1600x1600.png\",\"width\":512,\"height\":512,\"caption\":\"Kooku Recruiting GmbH\"},\"image\":{\"@id\":\"https:\\\/\\\/kooku-staging.digitalagenten.com\\\/en\\\/#\\\/schema\\\/logo\\\/image\\\/\"},\"sameAs\":[\"https:\\\/\\\/www.facebook.com\\\/KookuRecruitingPartnersBerlin\\\/\",\"https:\\\/\\\/www.instagram.com\\\/kookurecruitingpartners\\\/\"],\"description\":\"Kooku Recruiting GmbH ist eine 2014 in Berlin gegr\u00fcndete Recruiting-Agentur, die Unternehmen operativ und strategisch im Recruiting entlastet. Das Leistungsspektrum umfasst Interim Recruiting, Recruiting on Demand, Executive Search, Active Sourcing und Recruiting-Prozessoptimierung. Kooku arbeitet mit mittelst\u00e4ndischen Unternehmen, Start-ups und Scale-ups deutschlandweit und besetzt Fach- und F\u00fchrungspositionen in Tech, IT, Finance, Sales und Product. Durch datengetriebene Prozesse, Automatisierung und erfahrene Recruiting-Berater erreichen Kunden eine Zeitersparnis von 40\u201370 % bei k\u00fcrzerer Time-to-Hire, geringerer Cost-per-Hire und besserer Candidate Experience. Seit der Gr\u00fcndung hat Kooku \u00fcber 200 Unternehmen begleitet \u2013 messbar, effizient und menschlich.\",\"email\":\"hello@kooku.de\",\"telephone\":\"+4930994043660\",\"legalName\":\"Kooku Recruiting GmbH\",\"numberOfEmployees\":{\"@type\":\"QuantitativeValue\",\"minValue\":\"11\",\"maxValue\":\"50\"}}]}<\/script>\n<!-- \/ Yoast SEO Premium plugin. -->","yoast_head_json":{"title":"Contact | Kooku Recruiting | Initial interview in 24h","description":"Free initial consultation with Kooku Recruiting. Interim, On-Demand & Executive Search in Germany. Response within 24 hours. Get in touch now.","robots":{"index":"index","follow":"follow","max-snippet":"max-snippet:-1","max-image-preview":"max-image-preview:large","max-video-preview":"max-video-preview:-1"},"canonical":"https:\/\/kooku-staging.digitalagenten.com\/en\/kontakt\/","og_locale":"en_US","og_type":"article","og_title":"Contact","og_description":"Free initial consultation with Kooku Recruiting. Interim, On-Demand & Executive Search in Germany. Response within 24 hours. Get in touch now.","og_url":"https:\/\/kooku-staging.digitalagenten.com\/en\/kontakt\/","og_site_name":"Kooku Recruiting Partners","article_publisher":"https:\/\/www.facebook.com\/KookuRecruitingPartnersBerlin\/","article_modified_time":"2026-03-10T14:57:17+00:00","og_image":[{"url":"https:\/\/kooku-staging.digitalagenten.com\/wp-content\/uploads\/2022\/01\/Interim-Recruiting-Agentur-Berlin-768x384.jpg","type":"","width":"","height":""}],"twitter_card":"summary_large_image","twitter_misc":{"Est. reading time":"1 minute"},"schema":{"@context":"https:\/\/schema.org","@graph":[{"@type":"WebPage","@id":"https:\/\/kooku-staging.digitalagenten.com\/en\/kontakt\/","url":"https:\/\/kooku-staging.digitalagenten.com\/en\/kontakt\/","name":"Contact | Kooku Recruiting | Initial interview in 24h","isPartOf":{"@id":"https:\/\/kooku-staging.digitalagenten.com\/en\/#website"},"primaryImageOfPage":{"@id":"https:\/\/kooku-staging.digitalagenten.com\/en\/kontakt\/#primaryimage"},"image":{"@id":"https:\/\/kooku-staging.digitalagenten.com\/en\/kontakt\/#primaryimage"},"thumbnailUrl":"https:\/\/kooku-staging.digitalagenten.com\/wp-content\/uploads\/2022\/01\/Interim-Recruiting-Agentur-Berlin-768x384.jpg","datePublished":"2022-01-19T11:17:58+00:00","dateModified":"2026-03-10T14:57:17+00:00","description":"Free initial consultation with Kooku Recruiting. Interim, On-Demand & Executive Search in Germany. Response within 24 hours. Get in touch now.","breadcrumb":{"@id":"https:\/\/kooku-staging.digitalagenten.com\/en\/kontakt\/#breadcrumb"},"inLanguage":"en-US","potentialAction":[{"@type":"ReadAction","target":["https:\/\/kooku-staging.digitalagenten.com\/en\/kontakt\/"]}]},{"@type":"ImageObject","inLanguage":"en-US","@id":"https:\/\/kooku-staging.digitalagenten.com\/en\/kontakt\/#primaryimage","url":"https:\/\/kooku-staging.digitalagenten.com\/wp-content\/uploads\/2022\/01\/Interim-Recruiting-Agentur-Berlin-768x384.jpg","contentUrl":"https:\/\/kooku-staging.digitalagenten.com\/wp-content\/uploads\/2022\/01\/Interim-Recruiting-Agentur-Berlin-768x384.jpg"},{"@type":"BreadcrumbList","@id":"https:\/\/kooku-staging.digitalagenten.com\/en\/kontakt\/#breadcrumb","itemListElement":[{"@type":"ListItem","position":1,"name":"Kooku Recruiting Partner Berlin","item":"https:\/\/kooku-staging.digitalagenten.com\/en\/"},{"@type":"ListItem","position":2,"name":"Contact"}]},{"@type":"WebSite","@id":"https:\/\/kooku-staging.digitalagenten.com\/en\/#website","url":"https:\/\/kooku-staging.digitalagenten.com\/en\/","name":"Kooku Recruiting Partners Berlin","description":"Die Nummer 1 Agentur f\u00fcr datenbasiertes und menschenzentriertes Recruiting &amp; Interim Recruiting","publisher":{"@id":"https:\/\/kooku-staging.digitalagenten.com\/en\/#organization"},"potentialAction":[{"@type":"SearchAction","target":{"@type":"EntryPoint","urlTemplate":"https:\/\/kooku-staging.digitalagenten.com\/en\/?s={search_term_string}"},"query-input":{"@type":"PropertyValueSpecification","valueRequired":true,"valueName":"search_term_string"}}],"inLanguage":"en-US"},{"@type":"Organization","@id":"https:\/\/kooku-staging.digitalagenten.com\/en\/#organization","name":"Kooku Recruiting GmbH","alternateName":"Kooku Recruiting Partners Berlin","url":"https:\/\/kooku-staging.digitalagenten.com\/en\/","logo":{"@type":"ImageObject","inLanguage":"en-US","@id":"https:\/\/kooku-staging.digitalagenten.com\/en\/#\/schema\/logo\/image\/","url":"https:\/\/kooku-staging.digitalagenten.com\/wp-content\/uploads\/2022\/01\/cropped-cropPped-kooku_augen_1600x1600.png","contentUrl":"https:\/\/kooku-staging.digitalagenten.com\/wp-content\/uploads\/2022\/01\/cropped-cropPped-kooku_augen_1600x1600.png","width":512,"height":512,"caption":"Kooku Recruiting GmbH"},"image":{"@id":"https:\/\/kooku-staging.digitalagenten.com\/en\/#\/schema\/logo\/image\/"},"sameAs":["https:\/\/www.facebook.com\/KookuRecruitingPartnersBerlin\/","https:\/\/www.instagram.com\/kookurecruitingpartners\/"],"description":"Kooku Recruiting GmbH ist eine 2014 in Berlin gegr\u00fcndete Recruiting-Agentur, die Unternehmen operativ und strategisch im Recruiting entlastet. Das Leistungsspektrum umfasst Interim Recruiting, Recruiting on Demand, Executive Search, Active Sourcing und Recruiting-Prozessoptimierung. Kooku arbeitet mit mittelst\u00e4ndischen Unternehmen, Start-ups und Scale-ups deutschlandweit und besetzt Fach- und F\u00fchrungspositionen in Tech, IT, Finance, Sales und Product. Durch datengetriebene Prozesse, Automatisierung und erfahrene Recruiting-Berater erreichen Kunden eine Zeitersparnis von 40\u201370 % bei k\u00fcrzerer Time-to-Hire, geringerer Cost-per-Hire und besserer Candidate Experience. Seit der Gr\u00fcndung hat Kooku \u00fcber 200 Unternehmen begleitet \u2013 messbar, effizient und menschlich.","email":"hello@kooku.de","telephone":"+4930994043660","legalName":"Kooku Recruiting GmbH","numberOfEmployees":{"@type":"QuantitativeValue","minValue":"11","maxValue":"50"}}]}},"_links":{"self":[{"href":"https:\/\/kooku-staging.digitalagenten.com\/en\/wp-json\/wp\/v2\/pages\/19711","targetHints":{"allow":["GET"]}}],"collection":[{"href":"https:\/\/kooku-staging.digitalagenten.com\/en\/wp-json\/wp\/v2\/pages"}],"about":[{"href":"https:\/\/kooku-staging.digitalagenten.com\/en\/wp-json\/wp\/v2\/types\/page"}],"author":[{"embeddable":true,"href":"https:\/\/kooku-staging.digitalagenten.com\/en\/wp-json\/wp\/v2\/users\/3"}],"replies":[{"embeddable":true,"href":"https:\/\/kooku-staging.digitalagenten.com\/en\/wp-json\/wp\/v2\/comments?post=19711"}],"version-history":[{"count":1,"href":"https:\/\/kooku-staging.digitalagenten.com\/en\/wp-json\/wp\/v2\/pages\/19711\/revisions"}],"predecessor-version":[{"id":31794,"href":"https:\/\/kooku-staging.digitalagenten.com\/en\/wp-json\/wp\/v2\/pages\/19711\/revisions\/31794"}],"wp:attachment":[{"href":"https:\/\/kooku-staging.digitalagenten.com\/en\/wp-json\/wp\/v2\/media?parent=19711"}],"curies":[{"name":"wp","href":"https:\/\/api.w.org\/{rel}","templated":true}]}}